{"id":7003,"date":"2026-03-15T08:05:13","date_gmt":"2026-03-15T08:05:13","guid":{"rendered":"https:\/\/tapisrideauxcamions.fr\/?post_type=product&#038;p=7003"},"modified":"2026-04-06T09:12:44","modified_gmt":"2026-04-06T09:12:44","slug":"tapis-de-sol-mercedes-actros-plancher-haut-ensemble-complet","status":"publish","type":"product","link":"https:\/\/tapisrideauxcamions.fr\/ro\/product\/tapis-de-sol-mercedes-actros-plancher-haut-ensemble-complet\/","title":{"rendered":"Tapis de Sol en similicuir sur mesure -MERCEDES ACTROS plancher haut- Ensemble complet"},"content":{"rendered":"<h2>\u00cembun\u0103t\u0103\u021be\u0219te confortul \u0219i estetica camionului t\u0103u Mercedes Actros<\/h2>\n<p>Transformez l&#8217;int\u00e9rieur de votre camion avec le tapis de sol en similicuir sp\u00e9cialement con\u00e7u pour le MERCEDES ACTROS \u00e0 plancher haut. Fabriqu\u00e9 avec une \u00e9paisseur optimale et dans une \u00e9l\u00e9gante couleur marron, cet ensemble complet offre \u00e0 la fois style et fonctionnalit\u00e9. Profitez d&#8217;une solution pratique pour prot\u00e9ger votre plancher tout en ajoutant une touche premium \u00e0 votre espace.<\/p>\n<h2>Durabilitate \u0219i calitate superioar\u0103<\/h2>\n<p>Le tapis de sol en similicuir est \u00e9labor\u00e9 pour garantir une robustesse exceptionnelle, parfaitement adapt\u00e9 aux exigences des transports longue distance. Sa mati\u00e8re r\u00e9sistante et ses finitions soigneuses assurent une durabilit\u00e9 prolong\u00e9e, sans compromettre son allure sophistiqu\u00e9e. Que vous soyez un professionnel ou un amateur de camions, ce tapis r\u00e9pondra \u00e0 vos attentes les plus \u00e9lev\u00e9es.<\/p>\n<h2>Pre\u021b redus f\u0103r\u0103 compromisuri<\/h2>\n<p>Acest produs este disponibil \u00een prezent la un pre\u021b preferen\u021bial, oferind un raport calitate-pre\u021b excelent. Ofer\u0103 camionului t\u0103u MERCEDES ACTROS un set de covora\u0219e care combin\u0103 estetica, protec\u021bia \u0219i o oportunitate de economisire. Nu rata ocazia de a \u00eembun\u0103t\u0103\u021bi cabina camionului t\u0103u \u00eentr-un mod practic \u0219i elegant.<\/p>","protected":false},"excerpt":{"rendered":"<p>Disponible en stock<\/p>","protected":false},"featured_media":7004,"comment_status":"open","ping_status":"closed","template":"","meta":[],"product_brand":[],"product_cat":[281,225],"product_tag":[],"class_list":{"0":"post-7003","1":"product","2":"type-product","3":"status-publish","4":"has-post-thumbnail","6":"product_cat-produits-disponibles","7":"product_cat-tapis-de-sol-sur-mesure-en-similicuir","9":"first","10":"instock","11":"sale","12":"sold-individually","13":"shipping-taxable","14":"purchasable","15":"product-type-simple"},"_links":{"self":[{"href":"https:\/\/tapisrideauxcamions.fr\/ro\/wp-json\/wp\/v2\/product\/7003","targetHints":{"allow":["GET"]}}],"collection":[{"href":"https:\/\/tapisrideauxcamions.fr\/ro\/wp-json\/wp\/v2\/product"}],"about":[{"href":"https:\/\/tapisrideauxcamions.fr\/ro\/wp-json\/wp\/v2\/types\/product"}],"replies":[{"embeddable":true,"href":"https:\/\/tapisrideauxcamions.fr\/ro\/wp-json\/wp\/v2\/comments?post=7003"}],"wp:featuredmedia":[{"embeddable":true,"href":"https:\/\/tapisrideauxcamions.fr\/ro\/wp-json\/wp\/v2\/media\/7004"}],"wp:attachment":[{"href":"https:\/\/tapisrideauxcamions.fr\/ro\/wp-json\/wp\/v2\/media?parent=7003"}],"wp:term":[{"taxonomy":"product_brand","embeddable":true,"href":"https:\/\/tapisrideauxcamions.fr\/ro\/wp-json\/wp\/v2\/product_brand?post=7003"},{"taxonomy":"product_cat","embeddable":true,"href":"https:\/\/tapisrideauxcamions.fr\/ro\/wp-json\/wp\/v2\/product_cat?post=7003"},{"taxonomy":"product_tag","embeddable":true,"href":"https:\/\/tapisrideauxcamions.fr\/ro\/wp-json\/wp\/v2\/product_tag?post=7003"}],"curies":[{"name":"wp","href":"https:\/\/api.w.org\/{rel}","templated":true}]}}