{"id":6800,"date":"2026-03-04T20:32:26","date_gmt":"2026-03-04T20:32:26","guid":{"rendered":"https:\/\/tapisrideauxcamions.fr\/?post_type=product&#038;p=6800"},"modified":"2026-04-25T11:16:10","modified_gmt":"2026-04-25T11:16:10","slug":"pack-complet-rideaux-en-alcantara-camion-cabine-sur-mesure-rideaux-lateraux-frange-de-pare-brise-et-rideau-couchette-xxl","status":"publish","type":"product","link":"https:\/\/tapisrideauxcamions.fr\/ro\/product\/pack-complet-rideaux-en-alcantara-camion-cabine-sur-mesure-rideaux-lateraux-frange-de-pare-brise-et-rideau-couchette-xxl\/","title":{"rendered":"Pachet complet de perdele: perdele laterale + franjuri pentru parbriz \u0219i perdea XXL pentru pat supraetajat"},"content":{"rendered":"<h2>\u00cembun\u0103t\u0103\u021bi\u021bi confortul \u0219i izolarea cabinei<\/h2>\n<p>Optimiza\u021bi izolarea \u0219i amenajarea cabinei cu acest set complet. Conceput pentru a bloca complet lumina exterioar\u0103, acest pachet garanteaz\u0103 \u00eentuneric total pentru un somn de calitate, zi \u0219i noapte. Indiferent dac\u0103 sunte\u021bi \u00een drum sau \u00eentr-o pauz\u0103 binemeritat\u0103, acest set v\u0103 ofer\u0103 un mediu confortabil \u0219i lini\u0219tit.<\/p>\n<h2>Con\u021binutul pachetului<\/h2>\n<p>Acest pachet complet \u0219i practic include:<\/p>\n<ul>\n<li>2 perdele laterale XXL (\u0219ofer \u0219i pasager) : Acoperire optim\u0103 pentru protec\u021bie maxim\u0103 \u00eempotriva luminii.<\/li>\n<li>1 franj\u0103 parbriz : Protec\u021bie elegant\u0103 pentru parbrizul din fa\u021b\u0103.<\/li>\n<li>1 perdea de separare (cu\u0219et\u0103) XXL : Creeaz\u0103 un spa\u021biu izolat \u0219i intim.<\/li>\n<li>C\u00e2rlige de fixare incluse : Instalare rapid\u0103 \u0219i u\u0219oar\u0103. Re\u021bine\u021bi \u00eens\u0103 c\u0103 aceste c\u00e2rlige pot s\u0103 nu fie compatibile cu anumite \u0219ine, \u00een func\u021bie de marca camionului.<\/li>\n<\/ul>\n<h2>Caracteristici \u0219i personalizare<\/h2>\n<p>Fabricat din Alcantara de \u00eenalt\u0103 densitate, acest material gros \u0219i opac este durabil \u0219i estetic. Pentru a r\u0103spunde gusturilor \u0219i nevoilor dumneavoastr\u0103, culorile materialului, ale ciucurilor, franjurilor sau bilu\u021belor pot fi personalizate la cerere. Oferi\u021bi cabinei dvs. o not\u0103 unic\u0103 de elegan\u021b\u0103, beneficiind \u00een acela\u0219i timp de o izolare perfect\u0103.<\/p>\n<p>Trece\u021bi la nivelul superior \u00een materie de confort \u0219i decor cu acest set conceput pentru a satisface cerin\u021bele \u0219oferilor profesioni\u0219ti. Face\u021bi din cabina dvs. un spa\u021biu care combin\u0103 func\u021bionalitatea cu stilul.<\/p>","protected":false},"excerpt":{"rendered":"<p>Pachet complet perdele (laterale + franjuri parbriz \u0219i cu\u0219et\u0103)<\/p>\n<p>&nbsp;<\/p>","protected":false},"featured_media":6262,"comment_status":"open","ping_status":"closed","template":"","meta":[],"product_brand":[],"product_cat":[230],"product_tag":[],"class_list":{"0":"post-6800","1":"product","2":"type-product","3":"status-publish","4":"has-post-thumbnail","6":"product_cat-rideaux-de-cabine-camion-sur-mesure-en-alcantara","7":"product_shipping_class-medium-packages","8":"pa_personnalisation-frais-suppl-non","9":"pa_personnalisation-frais-suppl-oui","11":"first","12":"instock","13":"shipping-taxable","14":"purchasable","15":"product-type-variable"},"_links":{"self":[{"href":"https:\/\/tapisrideauxcamions.fr\/ro\/wp-json\/wp\/v2\/product\/6800","targetHints":{"allow":["GET"]}}],"collection":[{"href":"https:\/\/tapisrideauxcamions.fr\/ro\/wp-json\/wp\/v2\/product"}],"about":[{"href":"https:\/\/tapisrideauxcamions.fr\/ro\/wp-json\/wp\/v2\/types\/product"}],"replies":[{"embeddable":true,"href":"https:\/\/tapisrideauxcamions.fr\/ro\/wp-json\/wp\/v2\/comments?post=6800"}],"wp:featuredmedia":[{"embeddable":true,"href":"https:\/\/tapisrideauxcamions.fr\/ro\/wp-json\/wp\/v2\/media\/6262"}],"wp:attachment":[{"href":"https:\/\/tapisrideauxcamions.fr\/ro\/wp-json\/wp\/v2\/media?parent=6800"}],"wp:term":[{"taxonomy":"product_brand","embeddable":true,"href":"https:\/\/tapisrideauxcamions.fr\/ro\/wp-json\/wp\/v2\/product_brand?post=6800"},{"taxonomy":"product_cat","embeddable":true,"href":"https:\/\/tapisrideauxcamions.fr\/ro\/wp-json\/wp\/v2\/product_cat?post=6800"},{"taxonomy":"product_tag","embeddable":true,"href":"https:\/\/tapisrideauxcamions.fr\/ro\/wp-json\/wp\/v2\/product_tag?post=6800"}],"curies":[{"name":"wp","href":"https:\/\/api.w.org\/{rel}","templated":true}]}}