{"id":6798,"date":"2026-03-04T20:24:37","date_gmt":"2026-03-04T20:24:37","guid":{"rendered":"https:\/\/tapisrideauxcamions.fr\/?post_type=product&#038;p=6798"},"modified":"2026-04-25T11:17:49","modified_gmt":"2026-04-25T11:17:49","slug":"pack-rideaux-en-alcantara-sur-mesure-camion-cabine-lateraux-xxl-frange-de-pare-brise","status":"publish","type":"product","link":"https:\/\/tapisrideauxcamions.fr\/ro\/product\/pack-rideaux-en-alcantara-sur-mesure-camion-cabine-lateraux-xxl-frange-de-pare-brise\/","title":{"rendered":"Pachet perdea lateral\u0103 XXL + franjuri parbriz"},"content":{"rendered":"<h2>O amenajare revolu\u021bionar\u0103 pentru postul de conducere<\/h2>\n<p>Optimizeaz\u0103 amenajarea postului de conducere cu setul nostru de perdele profesionale. Concepute pentru a r\u0103spunde nevoilor \u0219oferilor de lung parcurs, aceste perdele combin\u0103 confortul, estetica \u0219i eficien\u021ba. Ofer\u0103-\u021bi o experien\u021b\u0103 de condus \u0219i odihn\u0103 de neegalat.<\/p>\n<h2>Punctele forte ale gamei noastre<\/h2>\n<p><strong>Opacitate de \u00eenalt\u0103 densitate:<\/strong> Realizate din Alcantara premium gros, aceste perdele blocheaz\u0103 complet lumina exterioar\u0103. Beneficiaz\u0103 de o izola\u021bie termic\u0103 \u0219i vizual\u0103 perfect\u0103, garant\u00e2nd un somn de calitate \u00een orice condi\u021bii de lumin\u0103.<\/p>\n<p><strong>Personalizare complet\u0103:<\/strong> Transform\u0103 camionul t\u0103u \u00eentr-o adev\u0103rat\u0103 semn\u0103tur\u0103. Configureaz\u0103 culorile perdelelor \u0219i ale pomponilor pentru a crea o armonie perfect\u0103 cu interiorul \u0219i un look cu adev\u0103rat unic.<\/p>\n<p><strong>Finisare robusta:<\/strong> Fabricate dintr-un material flexibil \u0219i rezistent, perdelele noastre sunt concepute s\u0103 reziste. Ofer\u0103 protec\u021bie excelent\u0103 \u00eempotriva razelor UV \u0219i uzurii, p\u0103str\u00e2nd \u00een acela\u0219i timp un aspect luxos \u0219i impecabil.<\/p>\n<h2>Specifica\u021bii tehnice<\/h2>\n<p>Perdelele noastre profesionale includ:<\/p>\n<ul>\n<li>2 perdele laterale (\u0219ofer \u0219i pasager).<\/li>\n<li>1 franjuri asortate pentru parbriz.<\/li>\n<\/ul>\n<p><strong>Accesorii:<\/strong> Suporturile de montare sunt incluse. Re\u021bine\u021bi, totu\u0219i, c\u0103 este posibil ca acestea s\u0103 nu fie compatibile cu toate modelele de \u0219ine pentru anumite m\u0103rci de camioane.<\/p>","protected":false},"excerpt":{"rendered":"<p>Un Am\u00e9nagement de Poste de Conduite R\u00e9volutionnaire Optimisez l&#8217;am\u00e9nagement de votre poste de conduite avec notre ensemble de rideaux professionnels. Pens\u00e9s pour r\u00e9pondre aux besoins des chauffeurs longue distance, ces<\/p>","protected":false},"featured_media":6692,"comment_status":"open","ping_status":"closed","template":"","meta":[],"product_brand":[],"product_cat":[230],"product_tag":[],"class_list":{"0":"post-6798","1":"product","2":"type-product","3":"status-publish","4":"has-post-thumbnail","6":"product_cat-rideaux-de-cabine-camion-sur-mesure-en-alcantara","7":"product_shipping_class-light-packages","8":"pa_personnalisation-frais-suppl-non","9":"pa_personnalisation-frais-suppl-oui","11":"first","12":"instock","13":"shipping-taxable","14":"purchasable","15":"product-type-variable"},"_links":{"self":[{"href":"https:\/\/tapisrideauxcamions.fr\/ro\/wp-json\/wp\/v2\/product\/6798","targetHints":{"allow":["GET"]}}],"collection":[{"href":"https:\/\/tapisrideauxcamions.fr\/ro\/wp-json\/wp\/v2\/product"}],"about":[{"href":"https:\/\/tapisrideauxcamions.fr\/ro\/wp-json\/wp\/v2\/types\/product"}],"replies":[{"embeddable":true,"href":"https:\/\/tapisrideauxcamions.fr\/ro\/wp-json\/wp\/v2\/comments?post=6798"}],"wp:featuredmedia":[{"embeddable":true,"href":"https:\/\/tapisrideauxcamions.fr\/ro\/wp-json\/wp\/v2\/media\/6692"}],"wp:attachment":[{"href":"https:\/\/tapisrideauxcamions.fr\/ro\/wp-json\/wp\/v2\/media?parent=6798"}],"wp:term":[{"taxonomy":"product_brand","embeddable":true,"href":"https:\/\/tapisrideauxcamions.fr\/ro\/wp-json\/wp\/v2\/product_brand?post=6798"},{"taxonomy":"product_cat","embeddable":true,"href":"https:\/\/tapisrideauxcamions.fr\/ro\/wp-json\/wp\/v2\/product_cat?post=6798"},{"taxonomy":"product_tag","embeddable":true,"href":"https:\/\/tapisrideauxcamions.fr\/ro\/wp-json\/wp\/v2\/product_tag?post=6798"}],"curies":[{"name":"wp","href":"https:\/\/api.w.org\/{rel}","templated":true}]}}