{"id":5884,"date":"2026-02-11T12:57:09","date_gmt":"2026-02-11T12:57:09","guid":{"rendered":"http:\/\/tapisrideauxcamion.local\/?post_type=product&#038;p=5884"},"modified":"2026-04-25T11:26:53","modified_gmt":"2026-04-25T11:26:53","slug":"rideaux-en-alcantara-camion-cabine-sur-mesure-franges-de-lits","status":"publish","type":"product","link":"https:\/\/tapisrideauxcamions.fr\/ro\/product\/rideaux-en-alcantara-camion-cabine-sur-mesure-franges-de-lits\/","title":{"rendered":"Franjuri pentru cu\u0219et\u0103 \u2013 finisaj cabin\u0103 - stil personalizat"},"content":{"rendered":"<h2>Adaug\u0103 o not\u0103 elegant\u0103 spa\u021biului t\u0103u de odihn\u0103<\/h2>\n<p>Transform\u0103 cabina cu acest accesoriu special conceput pentru decorarea zonei de odihn\u0103. Se monteaz\u0103 u\u0219or \u00een partea superioar\u0103 a cu\u0219etei, oferind un finisaj uniform \u0219i armonios interiorului. Datorit\u0103 designului s\u0103u elegant, adaug\u0103 caracter spa\u021biului t\u0103u, r\u0103m\u00e2n\u00e2nd totodat\u0103 practic \u0219i func\u021bional.<\/p>\n<h2>Material durabil \u0219i configurare flexibil\u0103<\/h2>\n<p>Fabricat din Alcantara tehnic, acest material combin\u0103 rezisten\u021ba, fine\u021bea \u0219i \u00eentre\u021binerea u\u0219oar\u0103 pentru o utilizare \u00eendelungat\u0103, f\u0103r\u0103 compromisuri asupra stilului. Configurarea este complet personalizabil\u0103, cu forme \u0219i decupaje realizate conform nevoilor tale specifice, asigur\u00e2nd o integrare perfect\u0103 \u00een spa\u021biul t\u0103u.<\/p>\n<h2>Personalizare \u0219i instalare simplificat\u0103<\/h2>\n<p>Alege dintr-o varietate de culori pentru material, ciucuri sau franjuri pentru a-l asorta cu celelalte echipamente. Pentru o instalare rapid\u0103, c\u00e2rligele de fixare sunt incluse \u00een pachet. Re\u021bine \u00eens\u0103 c\u0103 aceste c\u00e2rlige nu sunt universale \u0219i s-ar putea s\u0103 nu se potriveasc\u0103 tuturor tipurilor de \u0219ine, \u00een func\u021bie de marca camionului.<\/p>","protected":false},"excerpt":{"rendered":"<p>Ajoutez une touche \u00e9l\u00e9gante \u00e0 votre espace de repos Transformez votre cabine avec cet accessoire sp\u00e9cialement con\u00e7u pour la d\u00e9coration de l&#8217;espace de repos. Il s&#8217;installe facilement sur la partie<\/p>","protected":false},"featured_media":6766,"comment_status":"open","ping_status":"closed","template":"","meta":[],"product_brand":[],"product_cat":[230],"product_tag":[],"class_list":{"0":"post-5884","1":"product","2":"type-product","3":"status-publish","4":"has-post-thumbnail","6":"product_cat-rideaux-de-cabine-camion-sur-mesure-en-alcantara","8":"first","9":"instock","10":"shipping-taxable","11":"purchasable","12":"product-type-variable"},"_links":{"self":[{"href":"https:\/\/tapisrideauxcamions.fr\/ro\/wp-json\/wp\/v2\/product\/5884","targetHints":{"allow":["GET"]}}],"collection":[{"href":"https:\/\/tapisrideauxcamions.fr\/ro\/wp-json\/wp\/v2\/product"}],"about":[{"href":"https:\/\/tapisrideauxcamions.fr\/ro\/wp-json\/wp\/v2\/types\/product"}],"replies":[{"embeddable":true,"href":"https:\/\/tapisrideauxcamions.fr\/ro\/wp-json\/wp\/v2\/comments?post=5884"}],"wp:featuredmedia":[{"embeddable":true,"href":"https:\/\/tapisrideauxcamions.fr\/ro\/wp-json\/wp\/v2\/media\/6766"}],"wp:attachment":[{"href":"https:\/\/tapisrideauxcamions.fr\/ro\/wp-json\/wp\/v2\/media?parent=5884"}],"wp:term":[{"taxonomy":"product_brand","embeddable":true,"href":"https:\/\/tapisrideauxcamions.fr\/ro\/wp-json\/wp\/v2\/product_brand?post=5884"},{"taxonomy":"product_cat","embeddable":true,"href":"https:\/\/tapisrideauxcamions.fr\/ro\/wp-json\/wp\/v2\/product_cat?post=5884"},{"taxonomy":"product_tag","embeddable":true,"href":"https:\/\/tapisrideauxcamions.fr\/ro\/wp-json\/wp\/v2\/product_tag?post=5884"}],"curies":[{"name":"wp","href":"https:\/\/api.w.org\/{rel}","templated":true}]}}