{"id":5877,"date":"2026-02-11T12:50:35","date_gmt":"2026-02-11T12:50:35","guid":{"rendered":"http:\/\/tapisrideauxcamion.local\/?post_type=product&#038;p=5877"},"modified":"2026-04-25T11:30:12","modified_gmt":"2026-04-25T11:30:12","slug":"frange-de-pare-brise-en-alcantara-sur-mesure-camion-cabine","status":"publish","type":"product","link":"https:\/\/tapisrideauxcamions.fr\/ro\/product\/frange-de-pare-brise-en-alcantara-sur-mesure-camion-cabine\/","title":{"rendered":"Franjuri pentru parbriz"},"content":{"rendered":"<p>Optimizeaz\u0103 estetica postului de conducere cu franjurile noastre pentru parbriz de \u00eenalt\u0103 calitate.<br \/>\n\u200b<strong>Caracteristici produs<\/strong> :<br \/>\nCon\u021binut: 1 franjuri pentru parbriz<br \/>\nMaterial: Alcantara tehnic\u0103 premium (robust\u0103 \u0219i rezistent\u0103 la UV)<br \/>\n<strong>Personalizare complet\u0103<\/strong> : Realiz\u0103m modelul conform preferin\u021belor tale. Po\u021bi alege forma, culorile materialului \u0219i ale ciucurilor sau franjurilor pentru o armonie perfect\u0103 cu interiorul cabinei.<br \/>\nPersonalizare text: Posibilitatea de a ad\u0103uga o inscrip\u021bie personalizat\u0103 (nume, logo, text) pe franjuri.<br \/>\n<strong>Not\u0103: Aceast\u0103 op\u021biune este disponibil\u0103 contra cost, pe baz\u0103 de ofert\u0103.<\/strong><\/p>","protected":false},"excerpt":{"rendered":"<p>Optimisez l&#8217;esth\u00e9tique de votre poste de conduite avec notre frange pare-brise de haute qualit\u00e9. \u200bCaract\u00e9ristiques du produit : \u200bContenu : 1 Frange pare-brise \u200bMati\u00e8re : Alcantara technique premium (robuste, r\u00e9sistant<\/p>","protected":false},"featured_media":6767,"comment_status":"open","ping_status":"closed","template":"","meta":[],"product_brand":[],"product_cat":[230],"product_tag":[],"class_list":{"0":"post-5877","1":"product","2":"type-product","3":"status-publish","4":"has-post-thumbnail","6":"product_cat-rideaux-de-cabine-camion-sur-mesure-en-alcantara","7":"product_shipping_class-light-packages","8":"pa_personnalisation-frais-suppl-non","9":"pa_personnalisation-frais-suppl-oui","11":"first","12":"instock","13":"shipping-taxable","14":"purchasable","15":"product-type-variable"},"_links":{"self":[{"href":"https:\/\/tapisrideauxcamions.fr\/ro\/wp-json\/wp\/v2\/product\/5877","targetHints":{"allow":["GET"]}}],"collection":[{"href":"https:\/\/tapisrideauxcamions.fr\/ro\/wp-json\/wp\/v2\/product"}],"about":[{"href":"https:\/\/tapisrideauxcamions.fr\/ro\/wp-json\/wp\/v2\/types\/product"}],"replies":[{"embeddable":true,"href":"https:\/\/tapisrideauxcamions.fr\/ro\/wp-json\/wp\/v2\/comments?post=5877"}],"wp:featuredmedia":[{"embeddable":true,"href":"https:\/\/tapisrideauxcamions.fr\/ro\/wp-json\/wp\/v2\/media\/6767"}],"wp:attachment":[{"href":"https:\/\/tapisrideauxcamions.fr\/ro\/wp-json\/wp\/v2\/media?parent=5877"}],"wp:term":[{"taxonomy":"product_brand","embeddable":true,"href":"https:\/\/tapisrideauxcamions.fr\/ro\/wp-json\/wp\/v2\/product_brand?post=5877"},{"taxonomy":"product_cat","embeddable":true,"href":"https:\/\/tapisrideauxcamions.fr\/ro\/wp-json\/wp\/v2\/product_cat?post=5877"},{"taxonomy":"product_tag","embeddable":true,"href":"https:\/\/tapisrideauxcamions.fr\/ro\/wp-json\/wp\/v2\/product_tag?post=5877"}],"curies":[{"name":"wp","href":"https:\/\/api.w.org\/{rel}","templated":true}]}}