{"id":5869,"date":"2026-02-11T12:42:22","date_gmt":"2026-02-11T12:42:22","guid":{"rendered":"http:\/\/tapisrideauxcamion.local\/?post_type=product&#038;p=5869"},"modified":"2026-04-25T11:34:41","modified_gmt":"2026-04-25T11:34:41","slug":"rideaux-lateraux-en-alcantara-sur-mesure-camion-cabine-crem","status":"publish","type":"product","link":"https:\/\/tapisrideauxcamions.fr\/ro\/product\/rideaux-lateraux-en-alcantara-sur-mesure-camion-cabine-crem\/","title":{"rendered":"Perdele laterale \u2013 Set \u0219ofer + pasager"},"content":{"rendered":"<p>Optimizeaz\u0103 spa\u021biul t\u0103u de odihn\u0103 cu perdelele noastre laterale de \u00eenalt\u0103 performan\u021b\u0103. Concepute pentru a oferi \u00eentuneric total \u0219i un finisaj estetic impecabil, acestea sunt accesoriul indispensabil pentru cabina ta.<br \/>\nPunctele forte ale gamei noastre:<br \/>\n<strong>\u200b<\/strong><strong>Opacitate de \u00eenalt\u0103 densitate<\/strong> : Realizate din Alcantara premium groas\u0103, perdelele noastre blocheaz\u0103 complet lumina exterioar\u0103. Beneficiezi de izola\u021bie termic\u0103 \u0219i vizual\u0103 total\u0103 pentru un somn de calitate, chiar \u0219i \u00een timpul zilei.<br \/>\n<strong>\u200b<\/strong><strong>Personalizare complet\u0103<\/strong> : Configureaz\u0103 perdelele dup\u0103 preferin\u021bele tale. Alege combina\u021biile de culori pentru o armonizare perfect\u0103 cu interiorul camionului.<br \/>\n\u200b<strong>Accesorii incluse<\/strong> : C\u00e2rligele de fixare sunt furnizate \u00eempreun\u0103 cu perdelele.<br \/>\n\u200b<strong>Note<\/strong> : De\u0219i sunt incluse, c\u00e2rligele nu sunt universale \u0219i este posibil s\u0103 nu se potriveasc\u0103 tuturor tipurilor de \u0219ine de la anumite m\u0103rci de camioane.<br \/>\n\u200b<strong><em>Specifica\u021bii tehnice<\/em><\/strong> :<br \/>\nComponen\u021ba pachetului: 2 perdele laterale (\u0219ofer \u0219i pasager) + c\u00e2rlige de fixare<br \/>\nMaterial: Alcantara<br \/>\nCompatibilitate: Design realizat pe m\u0103sur\u0103 pentru toate tipurile de cabine (Scania, Volvo, DAF, Mercedes, Renault, Ford, MAN, Iveco)<\/p>","protected":false},"excerpt":{"rendered":"<p>Optimisez votre espace de repos avec nos rideaux lat\u00e9raux haute performance. Con\u00e7us pour offrir une obscurit\u00e9 totale et une finition esth\u00e9tique impeccable, ils sont l&#8217;accessoire indispensable pour votre cabine. \u200bLes<\/p>","protected":false},"featured_media":5922,"comment_status":"open","ping_status":"closed","template":"","meta":[],"product_brand":[],"product_cat":[281,230],"product_tag":[],"class_list":{"0":"post-5869","1":"product","2":"type-product","3":"status-publish","4":"has-post-thumbnail","6":"product_cat-produits-disponibles","7":"product_cat-rideaux-de-cabine-camion-sur-mesure-en-alcantara","9":"first","10":"instock","11":"sale","12":"shipping-taxable","13":"purchasable","14":"product-type-simple"},"_links":{"self":[{"href":"https:\/\/tapisrideauxcamions.fr\/ro\/wp-json\/wp\/v2\/product\/5869","targetHints":{"allow":["GET"]}}],"collection":[{"href":"https:\/\/tapisrideauxcamions.fr\/ro\/wp-json\/wp\/v2\/product"}],"about":[{"href":"https:\/\/tapisrideauxcamions.fr\/ro\/wp-json\/wp\/v2\/types\/product"}],"replies":[{"embeddable":true,"href":"https:\/\/tapisrideauxcamions.fr\/ro\/wp-json\/wp\/v2\/comments?post=5869"}],"wp:featuredmedia":[{"embeddable":true,"href":"https:\/\/tapisrideauxcamions.fr\/ro\/wp-json\/wp\/v2\/media\/5922"}],"wp:attachment":[{"href":"https:\/\/tapisrideauxcamions.fr\/ro\/wp-json\/wp\/v2\/media?parent=5869"}],"wp:term":[{"taxonomy":"product_brand","embeddable":true,"href":"https:\/\/tapisrideauxcamions.fr\/ro\/wp-json\/wp\/v2\/product_brand?post=5869"},{"taxonomy":"product_cat","embeddable":true,"href":"https:\/\/tapisrideauxcamions.fr\/ro\/wp-json\/wp\/v2\/product_cat?post=5869"},{"taxonomy":"product_tag","embeddable":true,"href":"https:\/\/tapisrideauxcamions.fr\/ro\/wp-json\/wp\/v2\/product_tag?post=5869"}],"curies":[{"name":"wp","href":"https:\/\/api.w.org\/{rel}","templated":true}]}}