{"id":5868,"date":"2026-02-11T12:42:06","date_gmt":"2026-02-11T12:42:06","guid":{"rendered":"http:\/\/tapisrideauxcamion.local\/?post_type=product&#038;p=5868"},"modified":"2026-04-25T11:36:24","modified_gmt":"2026-04-25T11:36:24","slug":"rideaux-en-alcantara-sur-mesure-camion-cabine-coins-de-rideaux","status":"publish","type":"product","link":"https:\/\/tapisrideauxcamions.fr\/ro\/product\/rideaux-en-alcantara-sur-mesure-camion-cabine-coins-de-rideaux\/","title":{"rendered":"Col\u021buri decorative pentru perdele (pereche) \u2013 finisaj Alcantara"},"content":{"rendered":"<h2>Un look elegant \u0219i func\u021bional<\/h2>\n<p>Adaug\u0103 un plus de sofisticare interiorului t\u0103u cu col\u021burile de perdele din Alcantara. Concepute dintr-un material nobil \u0219i rafinat, aceste accesorii combin\u0103 stilul modern cu utilitatea practic\u0103, fiind perfecte pentru orice tip de decor.<\/p>\n<h2>Fixare sigur\u0103 cu dublu scai<\/h2>\n<p>Sistemul cu dublu scai asigur\u0103 o instalare solid\u0103 \u0219i stabil\u0103. U\u0219or de montat \u0219i ajustat, aceste col\u021buri de perdele ofer\u0103 o stabilitate excelent\u0103 \u0219i se pot deta\u0219a simplu atunci c\u00e2nd este necesar, f\u0103r\u0103 a deteriora suprafe\u021bele.<\/p>\n<h2>Material premium<\/h2>\n<p>Fabricate din Alcantara, un material moale \u0219i rezistent, col\u021burile noastre de perdele ofer\u0103 durabilitate \u0219i elegan\u021b\u0103. Ideal pentru cei care caut\u0103 un element decorativ premium, se potrivesc perfect cu o varietate de stiluri \u0219i medii.<\/p>","protected":false},"excerpt":{"rendered":"<p>Un Look \u00c9l\u00e9gant et Fonctionnel Ajoutez une touche de sophistication \u00e0 votre int\u00e9rieur avec nos coins de rideaux en Alcantara. Con\u00e7us dans un mat\u00e9riau noble et raffin\u00e9, ces accessoires allient<\/p>","protected":false},"featured_media":6773,"comment_status":"open","ping_status":"closed","template":"","meta":[],"product_brand":[],"product_cat":[230],"product_tag":[],"class_list":{"0":"post-5868","1":"product","2":"type-product","3":"status-publish","4":"has-post-thumbnail","6":"product_cat-rideaux-de-cabine-camion-sur-mesure-en-alcantara","7":"pa_personnalisation-frais-suppl-non","8":"pa_personnalisation-frais-suppl-oui","10":"first","11":"instock","12":"shipping-taxable","13":"purchasable","14":"product-type-variable"},"_links":{"self":[{"href":"https:\/\/tapisrideauxcamions.fr\/ro\/wp-json\/wp\/v2\/product\/5868","targetHints":{"allow":["GET"]}}],"collection":[{"href":"https:\/\/tapisrideauxcamions.fr\/ro\/wp-json\/wp\/v2\/product"}],"about":[{"href":"https:\/\/tapisrideauxcamions.fr\/ro\/wp-json\/wp\/v2\/types\/product"}],"replies":[{"embeddable":true,"href":"https:\/\/tapisrideauxcamions.fr\/ro\/wp-json\/wp\/v2\/comments?post=5868"}],"wp:featuredmedia":[{"embeddable":true,"href":"https:\/\/tapisrideauxcamions.fr\/ro\/wp-json\/wp\/v2\/media\/6773"}],"wp:attachment":[{"href":"https:\/\/tapisrideauxcamions.fr\/ro\/wp-json\/wp\/v2\/media?parent=5868"}],"wp:term":[{"taxonomy":"product_brand","embeddable":true,"href":"https:\/\/tapisrideauxcamions.fr\/ro\/wp-json\/wp\/v2\/product_brand?post=5868"},{"taxonomy":"product_cat","embeddable":true,"href":"https:\/\/tapisrideauxcamions.fr\/ro\/wp-json\/wp\/v2\/product_cat?post=5868"},{"taxonomy":"product_tag","embeddable":true,"href":"https:\/\/tapisrideauxcamions.fr\/ro\/wp-json\/wp\/v2\/product_tag?post=5868"}],"curies":[{"name":"wp","href":"https:\/\/api.w.org\/{rel}","templated":true}]}}