{"id":5841,"date":"2026-02-11T11:45:43","date_gmt":"2026-02-11T11:45:43","guid":{"rendered":"http:\/\/tapisrideauxcamion.local\/?post_type=product&#038;p=5841"},"modified":"2026-04-25T11:47:08","modified_gmt":"2026-04-25T11:47:08","slug":"rideaux-lateraux-en-alcantara-sur-mesure-camion-cabin-conducteur-passager","status":"publish","type":"product","link":"https:\/\/tapisrideauxcamions.fr\/ro\/product\/rideaux-lateraux-en-alcantara-sur-mesure-camion-cabin-conducteur-passager\/","title":{"rendered":"Perdele laterale XXL din ALCANTARA"},"content":{"rendered":"<p>Optimizeaz\u0103 spa\u021biul t\u0103u de odihn\u0103 cu perdelele noastre laterale de \u00eenalt\u0103 performan\u021b\u0103. Concepute pentru a oferi \u00eentuneric total \u0219i un finisaj estetic impecabil, acestea sunt accesoriul indispensabil pentru cabina ta.<br \/>\nPunctele forte ale gamei noastre:<br \/>\n<strong>\u200b<\/strong><strong>Opacitate de \u00eenalt\u0103 densitate<\/strong> : Realizate din Alcantara premium groas\u0103, perdelele noastre blocheaz\u0103 complet lumina exterioar\u0103. Beneficiezi de izola\u021bie termic\u0103 \u0219i vizual\u0103 total\u0103 pentru un somn de calitate, chiar \u0219i \u00een timpul zilei.<br \/>\n<strong>\u200b<\/strong><strong>Personalizare complet\u0103<\/strong> : Configureaz\u0103 perdelele dup\u0103 preferin\u021bele tale. Alege combina\u021biile de culori pentru o armonizare perfect\u0103 cu interiorul camionului.<br \/>\n<strong>Accesorii incluse: C\u00e2rligele de fixare sunt furnizate \u00eempreun\u0103 cu perdelele.<\/strong><br \/>\n<strong>Not\u0103: De\u0219i sunt incluse, c\u00e2rligele nu sunt universale \u0219i este posibil s\u0103 nu se potriveasc\u0103 tuturor tipurilor de \u0219ine de la anumite m\u0103rci de camioane.<\/strong>.<br \/>\n\u200b<strong><em>Specifica\u021bii tehnice<\/em><\/strong> :<br \/>\nComponen\u021ba pachetului: 2 perdele laterale XXL (\u0219ofer \u0219i pasager) + c\u00e2rlige de fixare<br \/>\nMaterial: Alcantara<br \/>\nCompatibilitate: Design realizat pe m\u0103sur\u0103 pentru toate tipurile de cabine (Scania, Volvo, DAF, Mercedes, Renault, Ford, MAN, Iveco)<\/p>","protected":false},"excerpt":{"rendered":"<p>Optimizeaz\u0103 spa\u021biul t\u0103u de odihn\u0103 cu perdelele noastre laterale de \u00eenalt\u0103 performan\u021b\u0103. Concepute pentru a oferi \u00eentuneric total \u0219i un finisaj estetic impecabil, acestea sunt accesoriul indispensabil pentru cabina ta.<\/p>","protected":false},"featured_media":6694,"comment_status":"open","ping_status":"closed","template":"","meta":[],"product_brand":[],"product_cat":[230],"product_tag":[],"class_list":{"0":"post-5841","1":"product","2":"type-product","3":"status-publish","4":"has-post-thumbnail","6":"product_cat-rideaux-de-cabine-camion-sur-mesure-en-alcantara","7":"pa_personnalisation-frais-suppl-non","8":"pa_personnalisation-frais-suppl-oui","10":"first","11":"instock","12":"shipping-taxable","13":"purchasable","14":"product-type-variable"},"_links":{"self":[{"href":"https:\/\/tapisrideauxcamions.fr\/ro\/wp-json\/wp\/v2\/product\/5841","targetHints":{"allow":["GET"]}}],"collection":[{"href":"https:\/\/tapisrideauxcamions.fr\/ro\/wp-json\/wp\/v2\/product"}],"about":[{"href":"https:\/\/tapisrideauxcamions.fr\/ro\/wp-json\/wp\/v2\/types\/product"}],"replies":[{"embeddable":true,"href":"https:\/\/tapisrideauxcamions.fr\/ro\/wp-json\/wp\/v2\/comments?post=5841"}],"wp:featuredmedia":[{"embeddable":true,"href":"https:\/\/tapisrideauxcamions.fr\/ro\/wp-json\/wp\/v2\/media\/6694"}],"wp:attachment":[{"href":"https:\/\/tapisrideauxcamions.fr\/ro\/wp-json\/wp\/v2\/media?parent=5841"}],"wp:term":[{"taxonomy":"product_brand","embeddable":true,"href":"https:\/\/tapisrideauxcamions.fr\/ro\/wp-json\/wp\/v2\/product_brand?post=5841"},{"taxonomy":"product_cat","embeddable":true,"href":"https:\/\/tapisrideauxcamions.fr\/ro\/wp-json\/wp\/v2\/product_cat?post=5841"},{"taxonomy":"product_tag","embeddable":true,"href":"https:\/\/tapisrideauxcamions.fr\/ro\/wp-json\/wp\/v2\/product_tag?post=5841"}],"curies":[{"name":"wp","href":"https:\/\/api.w.org\/{rel}","templated":true}]}}