{"id":5831,"date":"2026-02-11T10:05:42","date_gmt":"2026-02-11T10:05:42","guid":{"rendered":"http:\/\/tapisrideauxcamion.local\/?post_type=product&#038;p=5831"},"modified":"2026-04-25T11:48:38","modified_gmt":"2026-04-25T11:48:38","slug":"rideaux-en-alcantara-sur-mesure-separation-couchette-camion-cabine","status":"publish","type":"product","link":"https:\/\/tapisrideauxcamions.fr\/ro\/product\/rideaux-en-alcantara-sur-mesure-separation-couchette-camion-cabine\/","title":{"rendered":"Perdea pentru cu\u0219et\u0103 XXL din Alcantara"},"content":{"rendered":"<p>Creeaz\u0103 un spa\u021biu de odihn\u0103 intim \u0219i elegant cu perdeaua noastr\u0103 pentru cu\u0219et\u0103 realizat\u0103 pe m\u0103sur\u0103, conceput\u0103 pentru o opacitate optim\u0103 \u0219i un stil inconfundabil.<br \/>\nFabricat\u0103 din Alcantara de \u00eenalt\u0103 calitate, aceast\u0103 perdea este accesoriul ideal pentru a separa zona de dormit de restul cabinei, ad\u0103ug\u00e2nd \u00een acela\u0219i timp o not\u0103 luxoas\u0103 interiorului camionului t\u0103u.<br \/>\n<strong>Op\u021biuni de personalizare<\/strong> :<br \/>\n<em><strong>Finisaj margini<\/strong><\/em> : Alege \u00eentre franjuri, ciucuri (pompoane lungi) sau bilu\u021be mici.<br \/>\n\u200b<strong><em>Personalizare text<\/em><\/strong> : Marcaj sau broderie disponibil\u0103 pe acest model pentru un rezultat unic.<br \/>\n\u200b<strong><em>Culori<\/em><\/strong> : Gam\u0103 larg\u0103 de culori pentru material \u0219i finisaje.<\/p>\n<p><strong>C\u00e2rligele de fixare sunt incluse.<\/strong><br \/>\n<strong>Not\u0103 despre accesorii: C\u00e2rligele incluse pot s\u0103 nu fie compatibile cu toate tipurile de \u0219ine, \u00een func\u021bie de marca camionului.<\/strong><\/p>","protected":false},"excerpt":{"rendered":"<p>\u200bCr\u00e9ez un espace de repos intime et \u00e9l\u00e9gant avec notre rideau de couchette sur mesure, con\u00e7u pour une occultation optimale et un style incomparable. \u200bFabriqu\u00e9 en Alcantara de haute qualit\u00e9,<\/p>","protected":false},"featured_media":6787,"comment_status":"open","ping_status":"closed","template":"","meta":[],"product_brand":[],"product_cat":[230],"product_tag":[],"class_list":{"0":"post-5831","1":"product","2":"type-product","3":"status-publish","4":"has-post-thumbnail","6":"product_cat-rideaux-de-cabine-camion-sur-mesure-en-alcantara","7":"pa_personnalisation-frais-suppl-non","8":"pa_personnalisation-frais-suppl-oui","10":"first","11":"instock","12":"shipping-taxable","13":"purchasable","14":"product-type-variable"},"_links":{"self":[{"href":"https:\/\/tapisrideauxcamions.fr\/ro\/wp-json\/wp\/v2\/product\/5831","targetHints":{"allow":["GET"]}}],"collection":[{"href":"https:\/\/tapisrideauxcamions.fr\/ro\/wp-json\/wp\/v2\/product"}],"about":[{"href":"https:\/\/tapisrideauxcamions.fr\/ro\/wp-json\/wp\/v2\/types\/product"}],"replies":[{"embeddable":true,"href":"https:\/\/tapisrideauxcamions.fr\/ro\/wp-json\/wp\/v2\/comments?post=5831"}],"wp:featuredmedia":[{"embeddable":true,"href":"https:\/\/tapisrideauxcamions.fr\/ro\/wp-json\/wp\/v2\/media\/6787"}],"wp:attachment":[{"href":"https:\/\/tapisrideauxcamions.fr\/ro\/wp-json\/wp\/v2\/media?parent=5831"}],"wp:term":[{"taxonomy":"product_brand","embeddable":true,"href":"https:\/\/tapisrideauxcamions.fr\/ro\/wp-json\/wp\/v2\/product_brand?post=5831"},{"taxonomy":"product_cat","embeddable":true,"href":"https:\/\/tapisrideauxcamions.fr\/ro\/wp-json\/wp\/v2\/product_cat?post=5831"},{"taxonomy":"product_tag","embeddable":true,"href":"https:\/\/tapisrideauxcamions.fr\/ro\/wp-json\/wp\/v2\/product_tag?post=5831"}],"curies":[{"name":"wp","href":"https:\/\/api.w.org\/{rel}","templated":true}]}}