{"id":5821,"date":"2026-02-11T09:36:07","date_gmt":"2026-02-11T09:36:07","guid":{"rendered":"http:\/\/tapisrideauxcamion.local\/?post_type=product&#038;p=5821"},"modified":"2026-04-25T11:50:11","modified_gmt":"2026-04-25T11:50:11","slug":"housses-tableau-de-bord-en-similicuir-sur-mesure-camion-cabine-volvo","status":"publish","type":"product","link":"https:\/\/tapisrideauxcamions.fr\/ro\/product\/housses-tableau-de-bord-en-similicuir-sur-mesure-camion-cabine-volvo\/","title":{"rendered":"Hus\u0103 pentru bord \u2013 Volvo"},"content":{"rendered":"<h2>Design Personalizat<\/h2>\n<p>\u00cembun\u0103t\u0103\u021be\u0219te aspectul cabinei camionului t\u0103u cu husa noastr\u0103 pentru bord din eco-piele matlasat\u0103. Fiecare hus\u0103 este t\u0103iat\u0103 cu aten\u021bie pentru a se potrivi perfect modelului camionului t\u0103u. Nicio concesie asupra stilului sau preciziei!<\/p>\n<h2>Protec\u021bie de Calitate Superioar\u0103<\/h2>\n<p>Protejeaz\u0103 bordul camionului cu o solu\u021bie robust\u0103 \u0219i durabil\u0103. Husele noastre ofer\u0103 protec\u021bie anti-UV \u0219i anti-zg\u00e2rieturi, asigur\u00e2nd p\u0103strarea plasticului \u00een stare impecabil\u0103 \u00een fa\u021ba uzurii zilnice \u0219i a expunerii la soare.<\/p>\n<h2>Design Premium \u0219i Practicitate<\/h2>\n<p>Bucur\u0103-te de un finisaj matlasat elegant, care transform\u0103 aspectul cabinei. U\u0219or de cur\u0103\u021bat, husa combin\u0103 stilul cu func\u021bionalitatea. \u00cen plus, instalarea dureaz\u0103 doar c\u00e2teva secunde \u2013 simplitate \u0219i eficien\u021b\u0103 garantate.<\/p>","protected":false},"excerpt":{"rendered":"<p data-start=\"2917\" data-end=\"2999\">Hus\u0103 bord personalizat\u0103 x 1<\/p>\n<p data-start=\"3001\" data-end=\"3085\">","protected":false},"featured_media":5822,"comment_status":"open","ping_status":"closed","template":"","meta":[],"product_brand":[],"product_cat":[228],"product_tag":[],"class_list":{"0":"post-5821","1":"product","2":"type-product","3":"status-publish","4":"has-post-thumbnail","6":"product_cat-housses-de-tableau-de-bord-en-similicuir","8":"first","9":"instock","10":"shipping-taxable","11":"purchasable","12":"product-type-variable"},"_links":{"self":[{"href":"https:\/\/tapisrideauxcamions.fr\/ro\/wp-json\/wp\/v2\/product\/5821","targetHints":{"allow":["GET"]}}],"collection":[{"href":"https:\/\/tapisrideauxcamions.fr\/ro\/wp-json\/wp\/v2\/product"}],"about":[{"href":"https:\/\/tapisrideauxcamions.fr\/ro\/wp-json\/wp\/v2\/types\/product"}],"replies":[{"embeddable":true,"href":"https:\/\/tapisrideauxcamions.fr\/ro\/wp-json\/wp\/v2\/comments?post=5821"}],"wp:featuredmedia":[{"embeddable":true,"href":"https:\/\/tapisrideauxcamions.fr\/ro\/wp-json\/wp\/v2\/media\/5822"}],"wp:attachment":[{"href":"https:\/\/tapisrideauxcamions.fr\/ro\/wp-json\/wp\/v2\/media?parent=5821"}],"wp:term":[{"taxonomy":"product_brand","embeddable":true,"href":"https:\/\/tapisrideauxcamions.fr\/ro\/wp-json\/wp\/v2\/product_brand?post=5821"},{"taxonomy":"product_cat","embeddable":true,"href":"https:\/\/tapisrideauxcamions.fr\/ro\/wp-json\/wp\/v2\/product_cat?post=5821"},{"taxonomy":"product_tag","embeddable":true,"href":"https:\/\/tapisrideauxcamions.fr\/ro\/wp-json\/wp\/v2\/product_tag?post=5821"}],"curies":[{"name":"wp","href":"https:\/\/api.w.org\/{rel}","templated":true}]}}