{"id":5819,"date":"2026-02-11T09:34:22","date_gmt":"2026-02-11T09:34:22","guid":{"rendered":"http:\/\/tapisrideauxcamion.local\/?post_type=product&#038;p=5819"},"modified":"2026-04-25T11:51:43","modified_gmt":"2026-04-25T11:51:43","slug":"housses-de-tableau-de-bord-en-similicuir-sur-mesure-camion-cabine-scania","status":"publish","type":"product","link":"https:\/\/tapisrideauxcamions.fr\/ro\/product\/housses-de-tableau-de-bord-en-similicuir-sur-mesure-camion-cabine-scania\/","title":{"rendered":"Hus\u0103 pentru bord \u2013 Scania"},"content":{"rendered":"<h2>Un Design Elegant \u0219i Personalizat<\/h2>\n<p>Transform\u0103 interiorul cabinei camionului t\u0103u cu husa noastr\u0103 pentru bord din eco-piele matlasat\u0103. Fiecare model este realizat pe m\u0103sur\u0103, cu decupaje precise care se potrivesc perfect camionului t\u0103u. Acest produs nu este doar func\u021bional; adaug\u0103 \u0219i o not\u0103 premium \u0219i rafinat\u0103 spa\u021biului t\u0103u de condus.<\/p>\n<h2>Protec\u021bie Optim\u0103<\/h2>\n<p>Protejeaz\u0103 plasticul cabinei cu husa noastr\u0103, care ofer\u0103 o ap\u0103rare excelent\u0103 \u00eempotriva razelor UV \u0219i zg\u00e2rieturilor. Fie c\u0103 e\u0219ti pe drum sau sta\u021bionat la soare, calitatea sa superioar\u0103 asigur\u0103 durabilitate \u0219i men\u021bine cabina \u00een stare impecabil\u0103 pe termen lung.<\/p>\n<h2>Instalare Rapid\u0103 \u0219i U\u0219oar\u0103<\/h2>\n<p>Bucur\u0103-te de o instalare simpl\u0103 \u0219i rapid\u0103: c\u00e2teva secunde sunt suficiente pentru a monta husa pe bord. Ideal\u0103 pentru \u0219oferii exigen\u021bi, combin\u0103 practicitatea cu un stil impecabil. Cur\u0103\u021barea u\u0219oar\u0103 \u0219i finisajul matlasat ofer\u0103 o experien\u021b\u0103 f\u0103r\u0103 compromis.<\/p>","protected":false},"excerpt":{"rendered":"<p data-start=\"2917\" data-end=\"2999\">Hus\u0103 bord x 1<\/p>\n<p data-start=\"3001\" data-end=\"3085\">","protected":false},"featured_media":6544,"comment_status":"open","ping_status":"closed","template":"","meta":[],"product_brand":[],"product_cat":[228],"product_tag":[],"class_list":{"0":"post-5819","1":"product","2":"type-product","3":"status-publish","4":"has-post-thumbnail","6":"product_cat-housses-de-tableau-de-bord-en-similicuir","8":"first","9":"instock","10":"shipping-taxable","11":"purchasable","12":"product-type-variable"},"_links":{"self":[{"href":"https:\/\/tapisrideauxcamions.fr\/ro\/wp-json\/wp\/v2\/product\/5819","targetHints":{"allow":["GET"]}}],"collection":[{"href":"https:\/\/tapisrideauxcamions.fr\/ro\/wp-json\/wp\/v2\/product"}],"about":[{"href":"https:\/\/tapisrideauxcamions.fr\/ro\/wp-json\/wp\/v2\/types\/product"}],"replies":[{"embeddable":true,"href":"https:\/\/tapisrideauxcamions.fr\/ro\/wp-json\/wp\/v2\/comments?post=5819"}],"wp:featuredmedia":[{"embeddable":true,"href":"https:\/\/tapisrideauxcamions.fr\/ro\/wp-json\/wp\/v2\/media\/6544"}],"wp:attachment":[{"href":"https:\/\/tapisrideauxcamions.fr\/ro\/wp-json\/wp\/v2\/media?parent=5819"}],"wp:term":[{"taxonomy":"product_brand","embeddable":true,"href":"https:\/\/tapisrideauxcamions.fr\/ro\/wp-json\/wp\/v2\/product_brand?post=5819"},{"taxonomy":"product_cat","embeddable":true,"href":"https:\/\/tapisrideauxcamions.fr\/ro\/wp-json\/wp\/v2\/product_cat?post=5819"},{"taxonomy":"product_tag","embeddable":true,"href":"https:\/\/tapisrideauxcamions.fr\/ro\/wp-json\/wp\/v2\/product_tag?post=5819"}],"curies":[{"name":"wp","href":"https:\/\/api.w.org\/{rel}","templated":true}]}}