{"id":5814,"date":"2026-02-11T07:32:47","date_gmt":"2026-02-11T07:32:47","guid":{"rendered":"http:\/\/tapisrideauxcamion.local\/?post_type=product&#038;p=5814"},"modified":"2026-04-25T12:54:54","modified_gmt":"2026-04-25T12:54:54","slug":"housses-de-sieges-camion-en-similicuir-tissu-camion-cabine-sur-mesure","status":"publish","type":"product","link":"https:\/\/tapisrideauxcamions.fr\/ro\/product\/housses-de-sieges-camion-en-similicuir-tissu-camion-cabine-sur-mesure\/","title":{"rendered":"Housses de si\u00e8ges en similicuir ou tissu- TOUTES MARQUES"},"content":{"rendered":"<h2>Adaug\u0103 o not\u0103 de stil cabinei tale<\/h2>\n<p>Redonnez du style \u00e0 votre cabine avec nos housses en similicuir ou tissu haute performance, con\u00e7ues pour allier \u00e9l\u00e9gance et robustesse. Offrez \u00e0 votre camion une esth\u00e9tique moderne tout en am\u00e9liorant le confort de votre cabine.<\/p>\n<h2>Design durabil \u0219i practic<\/h2>\n<p>Nos housses en similicuir ou tissu sont fabriqu\u00e9es pour r\u00e9sister aux conditions les plus exigeantes. Elles garantissent une protection optimale contre l&#8217;usure quotidienne tout en \u00e9tant faciles \u00e0 entretenir gr\u00e2ce \u00e0 leur mati\u00e8re ultra pratique. Aucun tracas pour le nettoyage, juste un style impeccable au quotidien.<\/p>\n<h2>Personalizare complet\u0103<\/h2>\n<p>Adaptez votre cabine \u00e0 votre go\u00fbt gr\u00e2ce \u00e0 nos options de personnalisation de coloris. Que vous pr\u00e9f\u00e9riez des tons classiques ou modernes, nos housses en similicuir ou tissu s\u2019harmonisent parfaitement avec l\u2019ergonomie de votre camion, pour r\u00e9pondre \u00e0 vos exigences stylistiques.<\/p>","protected":false},"excerpt":{"rendered":"<p>housses de si\u00e8ges en similicuir ou tissu x 2<\/p>\n<p>&nbsp;<\/p>","protected":false},"featured_media":6323,"comment_status":"open","ping_status":"closed","template":"","meta":[],"product_brand":[],"product_cat":[229],"product_tag":[],"class_list":{"0":"post-5814","1":"product","2":"type-product","3":"status-publish","4":"has-post-thumbnail","6":"product_cat-housses-de-sieges-en-similicuir-ou-tissu","7":"pa_couleur-en-milieu-blanc","8":"pa_couleur-en-milieu-bleu","9":"pa_couleur-en-milieu-bleu-fonce","10":"pa_couleur-en-milieu-bordeaux","11":"pa_couleur-en-milieu-creme","12":"pa_couleur-en-milieu-gris","13":"pa_couleur-en-milieu-marron","14":"pa_couleur-en-milieu-noire-avec-coutures-bleus","15":"pa_couleur-en-milieu-noire-avec-coutures-noires","16":"pa_couleur-en-milieu-noire-avec-coutures-bleus-2","17":"pa_couleur-en-milieu-rouge","18":"pa_couleur-en-milieu-vert","20":"first","21":"instock","22":"shipping-taxable","23":"purchasable","24":"product-type-variable"},"_links":{"self":[{"href":"https:\/\/tapisrideauxcamions.fr\/ro\/wp-json\/wp\/v2\/product\/5814","targetHints":{"allow":["GET"]}}],"collection":[{"href":"https:\/\/tapisrideauxcamions.fr\/ro\/wp-json\/wp\/v2\/product"}],"about":[{"href":"https:\/\/tapisrideauxcamions.fr\/ro\/wp-json\/wp\/v2\/types\/product"}],"replies":[{"embeddable":true,"href":"https:\/\/tapisrideauxcamions.fr\/ro\/wp-json\/wp\/v2\/comments?post=5814"}],"wp:featuredmedia":[{"embeddable":true,"href":"https:\/\/tapisrideauxcamions.fr\/ro\/wp-json\/wp\/v2\/media\/6323"}],"wp:attachment":[{"href":"https:\/\/tapisrideauxcamions.fr\/ro\/wp-json\/wp\/v2\/media?parent=5814"}],"wp:term":[{"taxonomy":"product_brand","embeddable":true,"href":"https:\/\/tapisrideauxcamions.fr\/ro\/wp-json\/wp\/v2\/product_brand?post=5814"},{"taxonomy":"product_cat","embeddable":true,"href":"https:\/\/tapisrideauxcamions.fr\/ro\/wp-json\/wp\/v2\/product_cat?post=5814"},{"taxonomy":"product_tag","embeddable":true,"href":"https:\/\/tapisrideauxcamions.fr\/ro\/wp-json\/wp\/v2\/product_tag?post=5814"}],"curies":[{"name":"wp","href":"https:\/\/api.w.org\/{rel}","templated":true}]}}