{"id":5804,"date":"2026-02-11T07:04:06","date_gmt":"2026-02-11T07:04:06","guid":{"rendered":"http:\/\/tapisrideauxcamion.local\/?post_type=product&#038;p=5804"},"modified":"2026-04-25T11:55:11","modified_gmt":"2026-04-25T11:55:11","slug":"housse-de-siege-en-similicuir-tissu-camion-cabine-siege-passager","status":"publish","type":"product","link":"https:\/\/tapisrideauxcamions.fr\/ro\/product\/housse-de-siege-en-similicuir-tissu-camion-cabine-siege-passager\/","title":{"rendered":"Housse de si\u00e8ge passager en similicuir ou tissu \u2013 TOUTES MARQUES"},"content":{"rendered":"<h2>Transform\u0103 stilul cabinei tale<\/h2>\n<p>Redonnez du style \u00e0 votre cabine avec nos housses en similicuir ou tissu haute performance. Ces accessoires premium sont con\u00e7us pour allier robustesse et \u00e9l\u00e9gance, offrant \u00e0 votre camion une touche unique de sophistication.<\/p>\n<h2>Protec\u021bie durabil\u0103 \u0219i \u00eentre\u021binere simplificat\u0103<\/h2>\n<p>Oferind protec\u021bie durabil\u0103 \u00eempotriva uzurii zilnice, aceste huse sunt, de asemenea, foarte u\u0219or de \u00eentre\u021binut. Suprafa\u021ba lor rezistent\u0103 permite p\u0103strarea unui aspect impecabil, f\u0103r\u0103 efort suplimentar.<\/p>\n<h2>Complet personalizabile pentru o potrivire perfect\u0103<\/h2>\n<p>Nos housses en similicuir ou tissu sont enti\u00e8rement personnalisables au niveau des coloris. Elles s&#8217;adaptent parfaitement \u00e0 l&#8217;ergonomie de votre camion, r\u00e9pondant \u00e0 vos go\u00fbts et besoins sp\u00e9cifiques tout en am\u00e9liorant le confort et l&#8217;esth\u00e9tique de votre cabine.<\/p>","protected":false},"excerpt":{"rendered":"<p data-start=\"2608\" data-end=\"2665\">HUSA SCAUN X 1 PASAGER<\/p>\n<p data-start=\"2667\" data-end=\"2752\">","protected":false},"featured_media":5805,"comment_status":"open","ping_status":"closed","template":"","meta":[],"product_brand":[],"product_cat":[229],"product_tag":[],"class_list":{"0":"post-5804","1":"product","2":"type-product","3":"status-publish","4":"has-post-thumbnail","6":"product_cat-housses-de-sieges-en-similicuir-ou-tissu","7":"pa_couleur-en-milieu-blanc","8":"pa_couleur-en-milieu-bleu","9":"pa_couleur-en-milieu-bleu-fonce","10":"pa_couleur-en-milieu-bordeaux","11":"pa_couleur-en-milieu-creme","12":"pa_couleur-en-milieu-gris","13":"pa_couleur-en-milieu-marron","14":"pa_couleur-en-milieu-noire-avec-coutures-bleus","15":"pa_couleur-en-milieu-noire-avec-coutures-noires","16":"pa_couleur-en-milieu-noire-avec-coutures-bleus-2","17":"pa_couleur-en-milieu-rouge","18":"pa_couleur-en-milieu-vert","20":"first","21":"instock","22":"shipping-taxable","23":"purchasable","24":"product-type-variable"},"_links":{"self":[{"href":"https:\/\/tapisrideauxcamions.fr\/ro\/wp-json\/wp\/v2\/product\/5804","targetHints":{"allow":["GET"]}}],"collection":[{"href":"https:\/\/tapisrideauxcamions.fr\/ro\/wp-json\/wp\/v2\/product"}],"about":[{"href":"https:\/\/tapisrideauxcamions.fr\/ro\/wp-json\/wp\/v2\/types\/product"}],"replies":[{"embeddable":true,"href":"https:\/\/tapisrideauxcamions.fr\/ro\/wp-json\/wp\/v2\/comments?post=5804"}],"wp:featuredmedia":[{"embeddable":true,"href":"https:\/\/tapisrideauxcamions.fr\/ro\/wp-json\/wp\/v2\/media\/5805"}],"wp:attachment":[{"href":"https:\/\/tapisrideauxcamions.fr\/ro\/wp-json\/wp\/v2\/media?parent=5804"}],"wp:term":[{"taxonomy":"product_brand","embeddable":true,"href":"https:\/\/tapisrideauxcamions.fr\/ro\/wp-json\/wp\/v2\/product_brand?post=5804"},{"taxonomy":"product_cat","embeddable":true,"href":"https:\/\/tapisrideauxcamions.fr\/ro\/wp-json\/wp\/v2\/product_cat?post=5804"},{"taxonomy":"product_tag","embeddable":true,"href":"https:\/\/tapisrideauxcamions.fr\/ro\/wp-json\/wp\/v2\/product_tag?post=5804"}],"curies":[{"name":"wp","href":"https:\/\/api.w.org\/{rel}","templated":true}]}}