{"id":5794,"date":"2026-02-11T06:47:43","date_gmt":"2026-02-11T06:47:43","guid":{"rendered":"http:\/\/tapisrideauxcamion.local\/?post_type=product&#038;p=5794"},"modified":"2026-04-25T11:56:36","modified_gmt":"2026-04-25T11:56:36","slug":"housse-de-siege-en-similicuir-tissu-sur-mesure-siege-conducteur","status":"publish","type":"product","link":"https:\/\/tapisrideauxcamions.fr\/ro\/product\/housse-de-siege-en-similicuir-tissu-sur-mesure-siege-conducteur\/","title":{"rendered":"Housse de si\u00e8ge conducteur en similicuir ou tissu &#8211; TOUTES MARQUES"},"content":{"rendered":"<h2>Adaug\u0103 o not\u0103 de elegan\u021b\u0103 cabinei tale<\/h2>\n<p>Transformez l&#8217;apparence de votre camion gr\u00e2ce \u00e0 nos housses en similicuir ou tissu haute performance. Con\u00e7ues pour offrir robustesse et style, elles sont id\u00e9ales pour un look moderne et professionnel.<\/p>\n<h2>Protec\u021bie durabil\u0103 \u0219i \u00eentre\u021binere simplificat\u0103<\/h2>\n<p>Ces housses ne se contentent pas de s\u00e9duire par leur apparence elles assurent \u00e9galement une protection optimale contre l&#8217;usure et sont faciles \u00e0 nettoyer. Parfaites pour les conducteurs \u00e0 la recherche d&#8217;une solution pratique et esth\u00e9tique.<\/p>\n<h2>Personalizare dup\u0103 necesit\u0103\u021bile tale<\/h2>\n<p>Adaptez votre cabine \u00e0 votre style avec nos options de personnalisation de coloris. Que ce soit pour correspondre \u00e0 l&#8217;ergonomie de votre camion ou refl\u00e9ter vos pr\u00e9f\u00e9rences personnelles, nos housses en similicuir ou tissu s&#8217;ajusteront parfaitement \u00e0 vos exigences.<\/p>","protected":false},"excerpt":{"rendered":"<p data-start=\"2332\" data-end=\"2391\">Housse de si\u00e8ge en similicuir ou tissu x 1 cot\u00e9 conducteur<\/p>\n<p data-start=\"2393\" data-end=\"2466\">","protected":false},"featured_media":5807,"comment_status":"open","ping_status":"closed","template":"","meta":[],"product_brand":[],"product_cat":[229],"product_tag":[],"class_list":{"0":"post-5794","1":"product","2":"type-product","3":"status-publish","4":"has-post-thumbnail","6":"product_cat-housses-de-sieges-en-similicuir-ou-tissu","7":"pa_couleur-en-milieu-blanc","8":"pa_couleur-en-milieu-bleu","9":"pa_couleur-en-milieu-bleu-fonce","10":"pa_couleur-en-milieu-bordeaux","11":"pa_couleur-en-milieu-creme","12":"pa_couleur-en-milieu-gris","13":"pa_couleur-en-milieu-marron","14":"pa_couleur-en-milieu-noire-avec-coutures-bleus","15":"pa_couleur-en-milieu-noire-avec-coutures-noires","16":"pa_couleur-en-milieu-noire-avec-coutures-bleus-2","17":"pa_couleur-en-milieu-rouge","18":"pa_couleur-en-milieu-vert","20":"first","21":"instock","22":"shipping-taxable","23":"purchasable","24":"product-type-variable"},"_links":{"self":[{"href":"https:\/\/tapisrideauxcamions.fr\/ro\/wp-json\/wp\/v2\/product\/5794","targetHints":{"allow":["GET"]}}],"collection":[{"href":"https:\/\/tapisrideauxcamions.fr\/ro\/wp-json\/wp\/v2\/product"}],"about":[{"href":"https:\/\/tapisrideauxcamions.fr\/ro\/wp-json\/wp\/v2\/types\/product"}],"replies":[{"embeddable":true,"href":"https:\/\/tapisrideauxcamions.fr\/ro\/wp-json\/wp\/v2\/comments?post=5794"}],"wp:featuredmedia":[{"embeddable":true,"href":"https:\/\/tapisrideauxcamions.fr\/ro\/wp-json\/wp\/v2\/media\/5807"}],"wp:attachment":[{"href":"https:\/\/tapisrideauxcamions.fr\/ro\/wp-json\/wp\/v2\/media?parent=5794"}],"wp:term":[{"taxonomy":"product_brand","embeddable":true,"href":"https:\/\/tapisrideauxcamions.fr\/ro\/wp-json\/wp\/v2\/product_brand?post=5794"},{"taxonomy":"product_cat","embeddable":true,"href":"https:\/\/tapisrideauxcamions.fr\/ro\/wp-json\/wp\/v2\/product_cat?post=5794"},{"taxonomy":"product_tag","embeddable":true,"href":"https:\/\/tapisrideauxcamions.fr\/ro\/wp-json\/wp\/v2\/product_tag?post=5794"}],"curies":[{"name":"wp","href":"https:\/\/api.w.org\/{rel}","templated":true}]}}