{"id":5789,"date":"2026-02-10T14:58:25","date_gmt":"2026-02-10T14:58:25","guid":{"rendered":"http:\/\/tapisrideauxcamion.local\/?post_type=product&#038;p=5789"},"modified":"2026-04-25T11:58:32","modified_gmt":"2026-04-25T11:58:32","slug":"tapis-de-sol-en-similicuir-sur-mesure-camion-cabine-volvo-fh-aero-ensemble-complet","status":"publish","type":"product","link":"https:\/\/tapisrideauxcamions.fr\/ro\/product\/tapis-de-sol-en-similicuir-sur-mesure-camion-cabine-volvo-fh-aero-ensemble-complet\/","title":{"rendered":"Tapis de Sol en similicuir sur mesure &#8211; VOLVO FH, AERO &#8211; Ensemble complet"},"content":{"rendered":"<h2>Confort Unic la Fiecare Pas<\/h2>\n<p>Redonnez vie \u00e0 votre cabine avec nos tapis de sol en similicuir matelass\u00e9. Con\u00e7us pour durer, ils offrent une sensation de confort in\u00e9gal\u00e9e, alliant douceur et solidit\u00e9 \u00e0 chaque pas.<\/p>\n<h2>Calitate Premium pentru Durabilitate Maxim\u0103<\/h2>\n<p>Fiecare covora\u0219 este prev\u0103zut cu spum\u0103 de \u00eenalt\u0103 densitate care ofer\u0103 o grosime superioar\u0103. Aceast\u0103 structur\u0103 robust\u0103 absoarbe vibra\u021biile \u0219i asigur\u0103 o izolare eficient\u0103 \u00eempotriva frigului \u0219i zgomotului, pentru o experien\u021b\u0103 de condus mai pl\u0103cut\u0103.<\/p>\n<h2>Design Personalizat \u0219i \u00centre\u021binere U\u0219oar\u0103<\/h2>\n<p>Gr\u00e2ce \u00e0 sa conception sur-mesure, ce tapis de sol en similicuir \u00e9pouse parfaitement chaque recoin de votre plancher sans plis ni glissements. Le tapis de sol en similicuir premium reste souple et \u00e9l\u00e9gant avec le temps, et l\u2019entretien est un jeu d\u2019enfant : un simple coup de chiffon suffit pour lui redonner son \u00e9clat.<\/p>","protected":false},"excerpt":{"rendered":"<p>Tapis de sol en similicuir sur-mesure pour votre cabine<\/p>","protected":false},"featured_media":6818,"comment_status":"open","ping_status":"closed","template":"","meta":[],"product_brand":[],"product_cat":[225],"product_tag":[],"class_list":{"0":"post-5789","1":"product","2":"type-product","3":"status-publish","4":"has-post-thumbnail","6":"product_cat-tapis-de-sol-sur-mesure-en-similicuir","7":"product_shipping_class-heavy-packages","9":"first","10":"instock","11":"shipping-taxable","12":"purchasable","13":"product-type-variable"},"_links":{"self":[{"href":"https:\/\/tapisrideauxcamions.fr\/ro\/wp-json\/wp\/v2\/product\/5789","targetHints":{"allow":["GET"]}}],"collection":[{"href":"https:\/\/tapisrideauxcamions.fr\/ro\/wp-json\/wp\/v2\/product"}],"about":[{"href":"https:\/\/tapisrideauxcamions.fr\/ro\/wp-json\/wp\/v2\/types\/product"}],"replies":[{"embeddable":true,"href":"https:\/\/tapisrideauxcamions.fr\/ro\/wp-json\/wp\/v2\/comments?post=5789"}],"wp:featuredmedia":[{"embeddable":true,"href":"https:\/\/tapisrideauxcamions.fr\/ro\/wp-json\/wp\/v2\/media\/6818"}],"wp:attachment":[{"href":"https:\/\/tapisrideauxcamions.fr\/ro\/wp-json\/wp\/v2\/media?parent=5789"}],"wp:term":[{"taxonomy":"product_brand","embeddable":true,"href":"https:\/\/tapisrideauxcamions.fr\/ro\/wp-json\/wp\/v2\/product_brand?post=5789"},{"taxonomy":"product_cat","embeddable":true,"href":"https:\/\/tapisrideauxcamions.fr\/ro\/wp-json\/wp\/v2\/product_cat?post=5789"},{"taxonomy":"product_tag","embeddable":true,"href":"https:\/\/tapisrideauxcamions.fr\/ro\/wp-json\/wp\/v2\/product_tag?post=5789"}],"curies":[{"name":"wp","href":"https:\/\/api.w.org\/{rel}","templated":true}]}}