{"id":5787,"date":"2026-02-10T14:56:58","date_gmt":"2026-02-10T14:56:58","guid":{"rendered":"http:\/\/tapisrideauxcamion.local\/?post_type=product&#038;p=5787"},"modified":"2026-04-25T12:01:05","modified_gmt":"2026-04-25T12:01:05","slug":"tapis-de-sol-en-similicuir-sur-mesure-camion-cabine-renault-t-plancher-plat-ensemble-complet","status":"publish","type":"product","link":"https:\/\/tapisrideauxcamions.fr\/ro\/product\/tapis-de-sol-en-similicuir-sur-mesure-camion-cabine-renault-t-plancher-plat-ensemble-complet\/","title":{"rendered":"Tapis de Sol en similicuir sur mesure &#8211; RENAULT T- Plancher plat &#8211; Ensemble complet"},"content":{"rendered":"<h2>Un Confort Unic la Fiecare Utilizare<\/h2>\n<p>Redonnez vie \u00e0 votre cabine gr\u00e2ce \u00e0 nos tapis de sol sur-mesure en similicuir matelass\u00e9. Chaque pas devient une exp\u00e9rience de confort gr\u00e2ce \u00e0 une conception innovante et des mat\u00e9riaux de haute qualit\u00e9. Offrant une \u00e9paisseur sup\u00e9rieure avec une mousse haute densit\u00e9, ces tapis en similicuir garantissent une sensation de moelleux in\u00e9gal\u00e9e tout en restant robustes et durables.<\/p>\n<h2>Izolare \u00cembun\u0103t\u0103\u021bit\u0103 pentru Mai Mult\u0103 Lini\u0219te<\/h2>\n<p>Optez pour une solution qui ne se limite pas au confort. La structure \u00e9paisse de nos tapis en similicuir absorbe efficacement les vibrations et fournit une isolation sup\u00e9rieure contre le froid et le bruit. Profitez d&#8217;une cabine plus paisible et chaleureuse, quelle que soit la m\u00e9t\u00e9o ou les conditions de route.<\/p>\n<h2>Design Elegant \u0219i Func\u021bional<\/h2>\n<p>Nos tapis de sol en similicuir sont con\u00e7us sur-mesure pour correspondre parfaitement \u00e0 chaque recoin de votre plancher. Leur ajustement pr\u00e9cis \u00e9vite les plis et les glissements, offrant un design \u00e9l\u00e9gant \u00e0 votre cabine. Fabriqu\u00e9s en similicuir souple et agr\u00e9able au toucher, ces tapis de sol en similicuir conservent leur aspect premium ann\u00e9e apr\u00e8s ann\u00e9e.<\/p>\n<h2>\u00centre\u021binere Simpl\u0103<\/h2>\n<p>Profitez d&#8217;un entretien sans effort gr\u00e2ce \u00e0 leur surface imperm\u00e9able. En un simple coup de chiffon, vos tapis de sol en similicuir retrouvent leur \u00e9tat neuf, ce qui les rend pratiques pour une utilisation quotidienne tout en maintenant leur qualit\u00e9 exceptionnelle.<\/p>","protected":false},"excerpt":{"rendered":"<p>Tapis de sol en similicuir complet 1 seul pi\u00e8ce<\/p>","protected":false},"featured_media":6596,"comment_status":"open","ping_status":"closed","template":"","meta":[],"product_brand":[],"product_cat":[225],"product_tag":[],"class_list":{"0":"post-5787","1":"product","2":"type-product","3":"status-publish","4":"has-post-thumbnail","6":"product_cat-tapis-de-sol-sur-mesure-en-similicuir","8":"first","9":"instock","10":"shipping-taxable","11":"purchasable","12":"product-type-variable"},"_links":{"self":[{"href":"https:\/\/tapisrideauxcamions.fr\/ro\/wp-json\/wp\/v2\/product\/5787","targetHints":{"allow":["GET"]}}],"collection":[{"href":"https:\/\/tapisrideauxcamions.fr\/ro\/wp-json\/wp\/v2\/product"}],"about":[{"href":"https:\/\/tapisrideauxcamions.fr\/ro\/wp-json\/wp\/v2\/types\/product"}],"replies":[{"embeddable":true,"href":"https:\/\/tapisrideauxcamions.fr\/ro\/wp-json\/wp\/v2\/comments?post=5787"}],"wp:featuredmedia":[{"embeddable":true,"href":"https:\/\/tapisrideauxcamions.fr\/ro\/wp-json\/wp\/v2\/media\/6596"}],"wp:attachment":[{"href":"https:\/\/tapisrideauxcamions.fr\/ro\/wp-json\/wp\/v2\/media?parent=5787"}],"wp:term":[{"taxonomy":"product_brand","embeddable":true,"href":"https:\/\/tapisrideauxcamions.fr\/ro\/wp-json\/wp\/v2\/product_brand?post=5787"},{"taxonomy":"product_cat","embeddable":true,"href":"https:\/\/tapisrideauxcamions.fr\/ro\/wp-json\/wp\/v2\/product_cat?post=5787"},{"taxonomy":"product_tag","embeddable":true,"href":"https:\/\/tapisrideauxcamions.fr\/ro\/wp-json\/wp\/v2\/product_tag?post=5787"}],"curies":[{"name":"wp","href":"https:\/\/api.w.org\/{rel}","templated":true}]}}