{"id":5774,"date":"2026-02-10T14:33:17","date_gmt":"2026-02-10T14:33:17","guid":{"rendered":"http:\/\/tapisrideauxcamion.local\/?post_type=product&#038;p=5774"},"modified":"2026-04-25T12:15:43","modified_gmt":"2026-04-25T12:15:43","slug":"tapis-de-sol-en-similicuir-sur-mesure-camion-cabine-mercedes-actros-plancher-plat-ensemble-complet","status":"publish","type":"product","link":"https:\/\/tapisrideauxcamions.fr\/ro\/product\/tapis-de-sol-en-similicuir-sur-mesure-camion-cabine-mercedes-actros-plancher-plat-ensemble-complet\/","title":{"rendered":"Tapis de Sol en similicuir sur mesure &#8211; Mercedes ACTROS &#8211; Ensemble complet"},"content":{"rendered":"<h2>Red\u0103 Via\u021b\u0103 Cabinei Tale cu Stil \u0219i Confort<\/h2>\n<p>Transformez l\u2019int\u00e9rieur de votre cabine avec nos tapis de sol en similicuir matelass\u00e9. Con\u00e7us pour durer, ces tapis en similicuir marient \u00e9l\u00e9gance et performance, garantissant une sensation de confort unique \u00e0 chaque pas. Ajoutez une touche de luxe \u00e0 votre espace, tout en b\u00e9n\u00e9ficiant d&#8217;une robustesse exceptionnelle.<\/p>\n<h2>Calitate Superioar\u0103 pentru Confort Maxim<\/h2>\n<p>Dot\u00e9s d\u2019une mousse haute densit\u00e9, ces tapis en similicuir offrent une \u00e9paisseur sup\u00e9rieure qui allie moelleux et solidit\u00e9. Ils sont con\u00e7us pour absorber efficacement les vibrations, vous offrant un confort optimal, m\u00eame sur les routes les plus exigeantes. De plus, leur structure \u00e9paisse isole la cabine du froid et r\u00e9duit le bruit, rendant chaque trajet plus agr\u00e9able.<\/p>\n<h2>Design Func\u021bional \u0219i \u00centre\u021binere Simpl\u0103<\/h2>\n<p>Nos tapis de sol sur-mesure en similicuir s\u2019adaptent parfaitement \u00e0 chaque recoin de votre plancher, sans plis ni glissements g\u00eanants. Fabriqu\u00e9s en similicuir premium, ils restent souples et agr\u00e9ables au toucher, m\u00eame apr\u00e8s des ann\u00e9es d\u2019utilisation. Ils sont \u00e9galement imperm\u00e9ables et n\u00e9cessitent un entretien minimal \u2013 un simple coup de chiffon suffit pour retrouver leur \u00e9clat d\u2019origine.<\/p>\n<h2>O Solu\u021bie Personalizat\u0103<\/h2>\n<p>Chaque tapis en similicuir est con\u00e7u avec une pr\u00e9cision millim\u00e9tr\u00e9e pour s\u2019adapter parfaitement \u00e0 votre v\u00e9hicule. Offrez \u00e0 votre cabine une transformation compl\u00e8te et durable, tout en profitant d\u2019un niveau de confort incomparable. Nos tapis de sol en similicuir sur mesure conjuguent esth\u00e9tisme, durabilit\u00e9 et facilit\u00e9 d\u2019utilisation.<\/p>","protected":false},"excerpt":{"rendered":"<p>Tapis de sol en similicuir r\u00e9sistant, compatible avec MERCEDES ACTROS MP4 MP5 PLANCHER PLAT . Disponible en stock \/ 1 PIECE<\/p>","protected":false},"featured_media":5775,"comment_status":"open","ping_status":"closed","template":"","meta":[],"product_brand":[],"product_cat":[281,225],"product_tag":[],"class_list":{"0":"post-5774","1":"product","2":"type-product","3":"status-publish","4":"has-post-thumbnail","6":"product_cat-produits-disponibles","7":"product_cat-tapis-de-sol-sur-mesure-en-similicuir","9":"first","10":"instock","11":"sale","12":"sold-individually","13":"shipping-taxable","14":"purchasable","15":"product-type-simple"},"_links":{"self":[{"href":"https:\/\/tapisrideauxcamions.fr\/ro\/wp-json\/wp\/v2\/product\/5774","targetHints":{"allow":["GET"]}}],"collection":[{"href":"https:\/\/tapisrideauxcamions.fr\/ro\/wp-json\/wp\/v2\/product"}],"about":[{"href":"https:\/\/tapisrideauxcamions.fr\/ro\/wp-json\/wp\/v2\/types\/product"}],"replies":[{"embeddable":true,"href":"https:\/\/tapisrideauxcamions.fr\/ro\/wp-json\/wp\/v2\/comments?post=5774"}],"wp:featuredmedia":[{"embeddable":true,"href":"https:\/\/tapisrideauxcamions.fr\/ro\/wp-json\/wp\/v2\/media\/5775"}],"wp:attachment":[{"href":"https:\/\/tapisrideauxcamions.fr\/ro\/wp-json\/wp\/v2\/media?parent=5774"}],"wp:term":[{"taxonomy":"product_brand","embeddable":true,"href":"https:\/\/tapisrideauxcamions.fr\/ro\/wp-json\/wp\/v2\/product_brand?post=5774"},{"taxonomy":"product_cat","embeddable":true,"href":"https:\/\/tapisrideauxcamions.fr\/ro\/wp-json\/wp\/v2\/product_cat?post=5774"},{"taxonomy":"product_tag","embeddable":true,"href":"https:\/\/tapisrideauxcamions.fr\/ro\/wp-json\/wp\/v2\/product_tag?post=5774"}],"curies":[{"name":"wp","href":"https:\/\/api.w.org\/{rel}","templated":true}]}}