{"id":5772,"date":"2026-02-10T14:31:57","date_gmt":"2026-02-10T14:31:57","guid":{"rendered":"http:\/\/tapisrideauxcamion.local\/?post_type=product&#038;p=5772"},"modified":"2026-04-25T12:18:11","modified_gmt":"2026-04-25T12:18:11","slug":"tapis-de-sol-en-similicuir-sur-mesure-camion-cabine-compartiment-moteur-cote-coducteur-cote-passager","status":"publish","type":"product","link":"https:\/\/tapisrideauxcamions.fr\/ro\/product\/tapis-de-sol-en-similicuir-sur-mesure-camion-cabine-compartiment-moteur-cote-coducteur-cote-passager\/","title":{"rendered":"Tapis de Sol en similicuir sur mesure &#8211; Compartiment moteur, Cot\u00e9 conducteur ou Cot\u00e9  passager"},"content":{"rendered":"<p>D\u00e9couvrez comment redonner vie \u00e0 votre cabine avec nos tapis de sol en similicuir matelass\u00e9. Con\u00e7us pour allier confort et durabilit\u00e9, ces tapis sur-mesure transforment chaque pas en une exp\u00e9rience agr\u00e9able tout en offrant une protection exceptionnelle \u00e0 votre plancher.<\/p>\n<h2>Grosime Superioar\u0103 pentru Confort Optim<\/h2>\n<p>Nos tapis de sol en similicuir b\u00e9n\u00e9ficient d\u2019une mousse haute densit\u00e9, garantissant une sensation de moelleux sous vos pieds. Cette \u00e9paisseur sup\u00e9rieure conf\u00e8re \u00e9galement une robustesse incomparable pour faire face \u00e0 une utilisation quotidienne intense. Chaque d\u00e9tail est pens\u00e9 pour un confort in\u00e9gal\u00e9.<\/p>\n<h2>Izolare \u00cembun\u0103t\u0103\u021bit\u0103 \u00eempotriva Zgomotului \u0219i Frigului<\/h2>\n<p>Gr\u00e2ce \u00e0 leur structure \u00e9paisse, ces tapis en similicuir assurent une isolation renforc\u00e9e. Ils absorbent efficacement les vibrations tout en prot\u00e9geant votre cabine du froid et des nuisances sonores. Vous pourrez profiter d\u2019un environnement plus calme et chaleureux, m\u00eame sur les routes les plus exigeantes.<\/p>\n<h2>Design Premium \u0219i Practicitate<\/h2>\n<p>Fabriqu\u00e9s en similicuir de qualit\u00e9, nos tapis offrent un toucher souple et luxueux, qui conserve son \u00e9l\u00e9gance m\u00eame apr\u00e8s des ann\u00e9es d\u2019utilisation. Leur conception sur-mesure garantit un ajustement parfait sans plis ni glissements. De plus, leur entretien est incroyablement facile : enti\u00e8rement imperm\u00e9ables, un simple coup de chiffon leur redonne un aspect neuf.<\/p>\n<p>Misez sur l&#8217;alliance parfaite entre esth\u00e9tique, confort et fonctionnalit\u00e9 avec ces tapis de sol en similicuir sur-mesure. Transformez votre cabine et profitez d\u2019une exp\u00e9rience incomparable \u00e0 chaque trajet.<\/p>","protected":false},"excerpt":{"rendered":"<p>Disponibil pentru \u0219ofer, pasager \u0219i compartiment motor.<\/p>","protected":false},"featured_media":6655,"comment_status":"open","ping_status":"closed","template":"","meta":[],"product_brand":[],"product_cat":[225],"product_tag":[],"class_list":{"0":"post-5772","1":"product","2":"type-product","3":"status-publish","4":"has-post-thumbnail","6":"product_cat-tapis-de-sol-sur-mesure-en-similicuir","8":"first","9":"instock","10":"shipping-taxable","11":"purchasable","12":"product-type-variable"},"_links":{"self":[{"href":"https:\/\/tapisrideauxcamions.fr\/ro\/wp-json\/wp\/v2\/product\/5772","targetHints":{"allow":["GET"]}}],"collection":[{"href":"https:\/\/tapisrideauxcamions.fr\/ro\/wp-json\/wp\/v2\/product"}],"about":[{"href":"https:\/\/tapisrideauxcamions.fr\/ro\/wp-json\/wp\/v2\/types\/product"}],"replies":[{"embeddable":true,"href":"https:\/\/tapisrideauxcamions.fr\/ro\/wp-json\/wp\/v2\/comments?post=5772"}],"wp:featuredmedia":[{"embeddable":true,"href":"https:\/\/tapisrideauxcamions.fr\/ro\/wp-json\/wp\/v2\/media\/6655"}],"wp:attachment":[{"href":"https:\/\/tapisrideauxcamions.fr\/ro\/wp-json\/wp\/v2\/media?parent=5772"}],"wp:term":[{"taxonomy":"product_brand","embeddable":true,"href":"https:\/\/tapisrideauxcamions.fr\/ro\/wp-json\/wp\/v2\/product_brand?post=5772"},{"taxonomy":"product_cat","embeddable":true,"href":"https:\/\/tapisrideauxcamions.fr\/ro\/wp-json\/wp\/v2\/product_cat?post=5772"},{"taxonomy":"product_tag","embeddable":true,"href":"https:\/\/tapisrideauxcamions.fr\/ro\/wp-json\/wp\/v2\/product_tag?post=5772"}],"curies":[{"name":"wp","href":"https:\/\/api.w.org\/{rel}","templated":true}]}}