{"id":5759,"date":"2026-02-10T13:36:44","date_gmt":"2026-02-10T13:36:44","guid":{"rendered":"http:\/\/tapisrideauxcamion.local\/?post_type=product&#038;p=5759"},"modified":"2026-04-25T12:22:42","modified_gmt":"2026-04-25T12:22:42","slug":"housse-de-tableau-de-bord-en-similicuir-sur-mesure-camion-cabine-daf","status":"publish","type":"product","link":"https:\/\/tapisrideauxcamions.fr\/ro\/product\/housse-de-tableau-de-bord-en-similicuir-sur-mesure-camion-cabine-daf\/","title":{"rendered":"Hus\u0103 pentru bord \u2013 DAF"},"content":{"rendered":"<h2>\u00cembun\u0103t\u0103\u021be\u0219te interiorul cabinei tale<\/h2>\n<p>Transform\u0103 aspectul cabinei camionului t\u0103u cu <strong>husa noastr\u0103 pentru bord din eco-piele matlasat\u0103<\/strong>. Conceput\u0103 pentru a combina perfect stilul cu func\u021bionalitatea, aceast\u0103 hus\u0103 personalizat\u0103 este aliatul ideal pentru a \u00eembun\u0103t\u0103\u021bi aspectul interior \u0219i a proteja echipamentele. Designul s\u0103u atent ofer\u0103 imediat un aer premium bordului t\u0103u.<\/p>\n<h2>Protec\u021bie optim\u0103<\/h2>\n<p class=\"translation-block\">Zilele lungi pe drum nu vor mai afecta starea bordului. Husa noastr\u0103 ofer\u0103 <strong>protec\u021bie UV<\/strong> pentru a preveni decolorarea \u0219i cr\u0103p\u0103turile cauzate de soare, precum \u0219i <strong>rezisten\u021b\u0103 la zg\u00e2rieturi<\/strong> pentru a proteja plasticul de uzura zilnic\u0103. Astfel, ai lini\u0219te deplin\u0103, \u0219tiind c\u0103 interiorul cabinei tale este \u00een siguran\u021b\u0103.<\/p>\n<h2>Ajustare perfect\u0103 \u0219i instalare u\u0219oar\u0103<\/h2>\n<p class=\"translation-block\">Datorit\u0103 decupajului <strong>precis \u0219i personalizat<\/strong>, husa se potrive\u0219te perfect modelului camionului t\u0103u. Instalarea este rapid\u0103 \u0219i f\u0103r\u0103 efort: c\u00e2teva secunde sunt suficiente pentru a o a\u0219eza, iar husa r\u0103m\u00e2ne fix\u0103 chiar \u0219i pe drumuri dificile.<\/p>\n<h2>Aspect premium \u0219i \u00eentre\u021binere simpl\u0103<\/h2>\n<p class=\"translation-block\">Fabricat\u0103 din piele ecologic\u0103 matlasat\u0103, husa noastr\u0103 adaug\u0103 un finisaj elegant \u0219i sofisticat cabinei dumneavoastr\u0103. Pe l\u00e2ng\u0103 designul s\u0103u atractiv, este <strong>u\u0219or de cur\u0103\u021bat<\/strong>, economisindu-v\u0103 timp \u0219i asigur\u00e2nd un aspect impecabil.<\/p>\n<p>Ofer\u0103 camionului t\u0103u cel mai bun accesoriu cu aceast\u0103 hus\u0103 pentru bord \u2013 design rafinat, protec\u021bie optim\u0103 \u0219i \u00eentre\u021binere facil\u0103, toate \u00eentr-un singur produs.<\/p>","protected":false},"excerpt":{"rendered":"<p data-start=\"2917\" data-end=\"2999\">Hus\u0103 bord x 1<\/p>\n<p data-start=\"3001\" data-end=\"3085\">","protected":false},"featured_media":6550,"comment_status":"open","ping_status":"closed","template":"","meta":[],"product_brand":[],"product_cat":[228],"product_tag":[],"class_list":{"0":"post-5759","1":"product","2":"type-product","3":"status-publish","4":"has-post-thumbnail","6":"product_cat-housses-de-tableau-de-bord-en-similicuir","8":"first","9":"instock","10":"shipping-taxable","11":"purchasable","12":"product-type-variable"},"_links":{"self":[{"href":"https:\/\/tapisrideauxcamions.fr\/ro\/wp-json\/wp\/v2\/product\/5759","targetHints":{"allow":["GET"]}}],"collection":[{"href":"https:\/\/tapisrideauxcamions.fr\/ro\/wp-json\/wp\/v2\/product"}],"about":[{"href":"https:\/\/tapisrideauxcamions.fr\/ro\/wp-json\/wp\/v2\/types\/product"}],"replies":[{"embeddable":true,"href":"https:\/\/tapisrideauxcamions.fr\/ro\/wp-json\/wp\/v2\/comments?post=5759"}],"wp:featuredmedia":[{"embeddable":true,"href":"https:\/\/tapisrideauxcamions.fr\/ro\/wp-json\/wp\/v2\/media\/6550"}],"wp:attachment":[{"href":"https:\/\/tapisrideauxcamions.fr\/ro\/wp-json\/wp\/v2\/media?parent=5759"}],"wp:term":[{"taxonomy":"product_brand","embeddable":true,"href":"https:\/\/tapisrideauxcamions.fr\/ro\/wp-json\/wp\/v2\/product_brand?post=5759"},{"taxonomy":"product_cat","embeddable":true,"href":"https:\/\/tapisrideauxcamions.fr\/ro\/wp-json\/wp\/v2\/product_cat?post=5759"},{"taxonomy":"product_tag","embeddable":true,"href":"https:\/\/tapisrideauxcamions.fr\/ro\/wp-json\/wp\/v2\/product_tag?post=5759"}],"curies":[{"name":"wp","href":"https:\/\/api.w.org\/{rel}","templated":true}]}}