{"id":5386,"date":"2026-01-27T08:40:38","date_gmt":"2026-01-27T08:40:38","guid":{"rendered":"http:\/\/tapisrideauxcamion2.local\/?post_type=product&#038;p=5386"},"modified":"2026-04-25T12:24:47","modified_gmt":"2026-04-25T12:24:47","slug":"couvre-lit-en-similicuir-alcantara-sur-mesure-toutes-marques","status":"publish","type":"product","link":"https:\/\/tapisrideauxcamions.fr\/ro\/product\/couvre-lit-en-similicuir-alcantara-sur-mesure-toutes-marques\/","title":{"rendered":"Couvre-lit \u2013 TOUTES MARQUES- ALCANTARA"},"content":{"rendered":"<h2>Adaug\u0103 o not\u0103 de elegan\u021b\u0103 cabinei tale<\/h2>\n<p>Transform\u0103 spa\u021biul cu\u0219etei cu cuvertura noastr\u0103 personalizat\u0103 din Alcantara. Ofer\u0103-\u021bi un finisaj luxos care eman\u0103 un stil sofisticat, garant\u00e2nd \u00een acela\u0219i timp confort \u0219i durabilitate. Ideal pentru a ad\u0103uga o not\u0103 personal\u0103 \u0219i unic\u0103 interiorului t\u0103u.<\/p>\n<h2>Personalizare f\u0103r\u0103 limite<\/h2>\n<p>Fiecare cabin\u0103 fiind diferit\u0103, cuvertura noastr\u0103 este complet personalizabil\u0103. Alege dintr-o gam\u0103 larg\u0103 de culori \u0219i personalizeaz-o cu broderii dup\u0103 gustul t\u0103u. Transform\u0103-\u021bi spa\u021biul \u00eentr-un loc cu adev\u0103rat excep\u021bional prin aceast\u0103 op\u021biune la comand\u0103.<\/p>\n<h2>Calitate premium \u0219i design atemporal<\/h2>\n<p>Fabricat\u0103 din Alcantara, aceast\u0103 cuvertur\u0103 combin\u0103 estetica cu func\u021bionalitatea. Rezistent\u0103, pl\u0103cut\u0103 la atingere \u0219i u\u0219or de \u00eentre\u021binut, este alegerea perfect\u0103 pentru cei care caut\u0103 o elegan\u021b\u0103 durabil\u0103. Ofer\u0103-\u021bi o decorare care reflect\u0103 stilul t\u0103u \u0219i r\u0103spunde nevoilor practice.<\/p>","protected":false},"excerpt":{"rendered":"<p>Hus\u0103 Alcantara<\/p>","protected":false},"featured_media":6047,"comment_status":"open","ping_status":"closed","template":"","meta":[],"product_brand":[],"product_cat":[227],"product_tag":[],"class_list":{"0":"post-5386","1":"product","2":"type-product","3":"status-publish","4":"has-post-thumbnail","6":"product_cat-couvre-lit-et-taie-doreiller-en-similicuir-ou-tissu","7":"pa_personnalisation-frais-suppl-non","8":"pa_personnalisation-frais-suppl-oui","10":"first","11":"instock","12":"shipping-taxable","13":"purchasable","14":"product-type-variable"},"_links":{"self":[{"href":"https:\/\/tapisrideauxcamions.fr\/ro\/wp-json\/wp\/v2\/product\/5386","targetHints":{"allow":["GET"]}}],"collection":[{"href":"https:\/\/tapisrideauxcamions.fr\/ro\/wp-json\/wp\/v2\/product"}],"about":[{"href":"https:\/\/tapisrideauxcamions.fr\/ro\/wp-json\/wp\/v2\/types\/product"}],"replies":[{"embeddable":true,"href":"https:\/\/tapisrideauxcamions.fr\/ro\/wp-json\/wp\/v2\/comments?post=5386"}],"wp:featuredmedia":[{"embeddable":true,"href":"https:\/\/tapisrideauxcamions.fr\/ro\/wp-json\/wp\/v2\/media\/6047"}],"wp:attachment":[{"href":"https:\/\/tapisrideauxcamions.fr\/ro\/wp-json\/wp\/v2\/media?parent=5386"}],"wp:term":[{"taxonomy":"product_brand","embeddable":true,"href":"https:\/\/tapisrideauxcamions.fr\/ro\/wp-json\/wp\/v2\/product_brand?post=5386"},{"taxonomy":"product_cat","embeddable":true,"href":"https:\/\/tapisrideauxcamions.fr\/ro\/wp-json\/wp\/v2\/product_cat?post=5386"},{"taxonomy":"product_tag","embeddable":true,"href":"https:\/\/tapisrideauxcamions.fr\/ro\/wp-json\/wp\/v2\/product_tag?post=5386"}],"curies":[{"name":"wp","href":"https:\/\/api.w.org\/{rel}","templated":true}]}}