{"id":5385,"date":"2026-01-27T08:39:45","date_gmt":"2026-01-27T08:39:45","guid":{"rendered":"http:\/\/tapisrideauxcamion2.local\/?post_type=product&#038;p=5385"},"modified":"2026-04-25T12:26:24","modified_gmt":"2026-04-25T12:26:24","slug":"couvre-lit-en-similicuir-alcantara-toutes-marques","status":"publish","type":"product","link":"https:\/\/tapisrideauxcamions.fr\/ro\/product\/couvre-lit-en-similicuir-alcantara-toutes-marques\/","title":{"rendered":"Couvre-lit \u2013 TOUTES MARQUES- similicuir"},"content":{"rendered":"<h2>Un design modern pentru un interior impecabil<\/h2>\n<p>Transform\u0103 cu\u0219eta cu cuvertura noastr\u0103 din piele ecologic\u0103, conceput\u0103 pentru a oferi un finisaj modern \u0219i robust spa\u021biului t\u0103u. Disponibil\u0103 \u00eentr-o gam\u0103 larg\u0103 de culori, se potrive\u0219te u\u0219or cu diverse stiluri de decor.<\/p>\n<h2>Materiale durabile \u0219i practice<\/h2>\n<p>Cuvertura este fabricat\u0103 din piele ecologic\u0103, asigur\u00e2nd rezisten\u021b\u0103 \u0219i durabilitate, fiind totodat\u0103 prietenoas\u0103 cu mediul. Suprafa\u021ba nu este personalizabil\u0103, dar este foarte u\u0219or de \u00eentre\u021binut, ideal\u0103 pentru utilizarea zilnic\u0103.<\/p>\n<h2>Protec\u021bie \u0219i stil \u00eentr-un singur produs<\/h2>\n<p>Cu aceast\u0103 cuvertur\u0103, beneficiezi de o protec\u021bie eficient\u0103 care p\u0103streaz\u0103 calitatea cu\u0219etei, ad\u0103ug\u00e2nd totodat\u0103 un plus de elegan\u021b\u0103 interiorului. Alege acest model pentru un interior mereu impecabil \u0219i o lini\u0219te sufleteasc\u0103 de durat\u0103.<\/p>","protected":false},"excerpt":{"rendered":"<p>Un design moderne pour un int\u00e9rieur impeccable Transformez votre couchette avec notre couvre-lit en \u00e9co-cuir, con\u00e7u pour apporter une finition moderne et robuste \u00e0 votre espace. Disponible dans une large<\/p>","protected":false},"featured_media":6048,"comment_status":"open","ping_status":"closed","template":"","meta":[],"product_brand":[],"product_cat":[227],"product_tag":[],"class_list":{"0":"post-5385","1":"product","2":"type-product","3":"status-publish","4":"has-post-thumbnail","6":"product_cat-couvre-lit-et-taie-doreiller-en-similicuir-ou-tissu","8":"first","9":"instock","10":"shipping-taxable","11":"purchasable","12":"product-type-variable"},"_links":{"self":[{"href":"https:\/\/tapisrideauxcamions.fr\/ro\/wp-json\/wp\/v2\/product\/5385","targetHints":{"allow":["GET"]}}],"collection":[{"href":"https:\/\/tapisrideauxcamions.fr\/ro\/wp-json\/wp\/v2\/product"}],"about":[{"href":"https:\/\/tapisrideauxcamions.fr\/ro\/wp-json\/wp\/v2\/types\/product"}],"replies":[{"embeddable":true,"href":"https:\/\/tapisrideauxcamions.fr\/ro\/wp-json\/wp\/v2\/comments?post=5385"}],"wp:featuredmedia":[{"embeddable":true,"href":"https:\/\/tapisrideauxcamions.fr\/ro\/wp-json\/wp\/v2\/media\/6048"}],"wp:attachment":[{"href":"https:\/\/tapisrideauxcamions.fr\/ro\/wp-json\/wp\/v2\/media?parent=5385"}],"wp:term":[{"taxonomy":"product_brand","embeddable":true,"href":"https:\/\/tapisrideauxcamions.fr\/ro\/wp-json\/wp\/v2\/product_brand?post=5385"},{"taxonomy":"product_cat","embeddable":true,"href":"https:\/\/tapisrideauxcamions.fr\/ro\/wp-json\/wp\/v2\/product_cat?post=5385"},{"taxonomy":"product_tag","embeddable":true,"href":"https:\/\/tapisrideauxcamions.fr\/ro\/wp-json\/wp\/v2\/product_tag?post=5385"}],"curies":[{"name":"wp","href":"https:\/\/api.w.org\/{rel}","templated":true}]}}