{"id":5383,"date":"2026-01-27T08:37:32","date_gmt":"2026-01-27T08:37:32","guid":{"rendered":"http:\/\/tapisrideauxcamion2.local\/?post_type=product&#038;p=5383"},"modified":"2026-04-25T12:32:13","modified_gmt":"2026-04-25T12:32:13","slug":"housses-de-poignees-en-similicuir-sur-mesure-camion-cabine-toutes-marques","status":"publish","type":"product","link":"https:\/\/tapisrideauxcamions.fr\/ro\/product\/housses-de-poignees-en-similicuir-sur-mesure-camion-cabine-toutes-marques\/","title":{"rendered":"Huse m\u00e2nere"},"content":{"rendered":"<h2>Stil \u0219i modernitate pentru interiorul t\u0103u<\/h2>\n<p>Ofer\u0103 un aspect proasp\u0103t interiorului t\u0103u cu husele noastre pentru m\u00e2nere din piele ecologic\u0103. Designul lor modern \u0219i elegant transform\u0103 instant cabina, ad\u0103ug\u00e2nd o not\u0103 de rafinament \u0219i robuste\u021be.<\/p>\n<h2>Calitate superioar\u0103 \u0219i protec\u021bie durabil\u0103<\/h2>\n<p>Fabricate din piele ecologic\u0103 de \u00eenalt\u0103 calitate, husele noastre ofer\u0103 o rezisten\u021b\u0103 excelent\u0103 la uzura zilnic\u0103. Ele protejeaz\u0103 m\u00e2nerele \u0219i le p\u0103streaz\u0103 aspectul ca nou pentru o perioad\u0103 \u00eendelungat\u0103.<\/p>\n<h2>Practic \u0219i u\u0219or de \u00eentre\u021binut<\/h2>\n<p>Disponibile \u00eentr-o varietate de culori pentru a se potrivi oric\u0103rui stil, aceste huse sunt \u0219i foarte u\u0219or de \u00eentre\u021binut. O simpl\u0103 \u0219tergere este suficient\u0103 pentru a p\u0103stra cabina curat\u0103 \u0219i impecabil\u0103, f\u0103r\u0103 efort.<\/p>","protected":false},"excerpt":{"rendered":"<p>Huse m\u00e2nere \u2013 \u0219ofer \/ pasager<\/p>","protected":false},"featured_media":6154,"comment_status":"open","ping_status":"closed","template":"","meta":[],"product_brand":[],"product_cat":[226],"product_tag":[],"class_list":{"0":"post-5383","1":"product","2":"type-product","3":"status-publish","4":"has-post-thumbnail","6":"product_cat-housses-de-poignees-en-similicuir","8":"first","9":"instock","10":"shipping-taxable","11":"purchasable","12":"product-type-variable"},"_links":{"self":[{"href":"https:\/\/tapisrideauxcamions.fr\/ro\/wp-json\/wp\/v2\/product\/5383","targetHints":{"allow":["GET"]}}],"collection":[{"href":"https:\/\/tapisrideauxcamions.fr\/ro\/wp-json\/wp\/v2\/product"}],"about":[{"href":"https:\/\/tapisrideauxcamions.fr\/ro\/wp-json\/wp\/v2\/types\/product"}],"replies":[{"embeddable":true,"href":"https:\/\/tapisrideauxcamions.fr\/ro\/wp-json\/wp\/v2\/comments?post=5383"}],"wp:featuredmedia":[{"embeddable":true,"href":"https:\/\/tapisrideauxcamions.fr\/ro\/wp-json\/wp\/v2\/media\/6154"}],"wp:attachment":[{"href":"https:\/\/tapisrideauxcamions.fr\/ro\/wp-json\/wp\/v2\/media?parent=5383"}],"wp:term":[{"taxonomy":"product_brand","embeddable":true,"href":"https:\/\/tapisrideauxcamions.fr\/ro\/wp-json\/wp\/v2\/product_brand?post=5383"},{"taxonomy":"product_cat","embeddable":true,"href":"https:\/\/tapisrideauxcamions.fr\/ro\/wp-json\/wp\/v2\/product_cat?post=5383"},{"taxonomy":"product_tag","embeddable":true,"href":"https:\/\/tapisrideauxcamions.fr\/ro\/wp-json\/wp\/v2\/product_tag?post=5383"}],"curies":[{"name":"wp","href":"https:\/\/api.w.org\/{rel}","templated":true}]}}