{"id":5382,"date":"2026-01-27T08:37:31","date_gmt":"2026-01-27T08:37:31","guid":{"rendered":"http:\/\/tapisrideauxcamion2.local\/?post_type=product&#038;p=5382"},"modified":"2026-04-25T12:34:27","modified_gmt":"2026-04-25T12:34:27","slug":"couvre-socle-de-sieges-en-similicuir-cote-passager-cote-conducteur-sur-mesure","status":"publish","type":"product","link":"https:\/\/tapisrideauxcamions.fr\/ro\/product\/couvre-socle-de-sieges-en-similicuir-cote-passager-cote-conducteur-sur-mesure\/","title":{"rendered":"Couvre-socle de si\u00e8ge en similicuir sur mesure"},"content":{"rendered":"<h2>Un design personalizat pentru scaunele tale<\/h2>\n<p>\u00cembrac\u0103 baza scaunelor cu husele noastre personalizate din piele ecologic\u0103, special concepute pentru un finisaj impecabil. Aceste huse \u00eembin\u0103 estetica \u0219i utilitatea, oferind o solu\u021bie elegant\u0103 pentru protejarea bazelor scaunelor.<\/p>\n<h2>\u00centre\u021binere u\u0219oar\u0103 \u0219i durabilitate<\/h2>\n<p>Pielea noastr\u0103 ecologic\u0103 este u\u0219or de cur\u0103\u021bat \u0219i rezistent\u0103, ideal\u0103 pentru utilizarea zilnic\u0103. Pe l\u00e2ng\u0103 calitatea superioar\u0103, aceste huse ofer\u0103 o protec\u021bie durabil\u0103 care men\u021bine scaunele \u00een stare perfect\u0103, chiar \u0219i \u00een fa\u021ba uzurii.<\/p>\n<h2>O varietate de culori pentru stilul t\u0103u<\/h2>\n<p>Disponibile \u00eentr-o gam\u0103 variat\u0103 de culori, husele noastre adaug\u0103 rafinament cabinei tale \u0219i \u00ee\u021bi permit s\u0103 personalizezi spa\u021biul dup\u0103 preferin\u021bele tale. Alege o solu\u021bie care combin\u0103 func\u021bionalitatea cu estetica.<\/p>","protected":false},"excerpt":{"rendered":"<p data-start=\"6817\" data-end=\"6874\">Protec\u021bii pentru partea inferioar\u0103 a scaunului x 2<\/p>\n<p data-start=\"6876\" data-end=\"6929\">","protected":false},"featured_media":6167,"comment_status":"open","ping_status":"closed","template":"","meta":[],"product_brand":[],"product_cat":[226],"product_tag":[],"class_list":{"0":"post-5382","1":"product","2":"type-product","3":"status-publish","4":"has-post-thumbnail","6":"product_cat-housses-de-poignees-en-similicuir","8":"first","9":"instock","10":"shipping-taxable","11":"purchasable","12":"product-type-variable"},"_links":{"self":[{"href":"https:\/\/tapisrideauxcamions.fr\/ro\/wp-json\/wp\/v2\/product\/5382","targetHints":{"allow":["GET"]}}],"collection":[{"href":"https:\/\/tapisrideauxcamions.fr\/ro\/wp-json\/wp\/v2\/product"}],"about":[{"href":"https:\/\/tapisrideauxcamions.fr\/ro\/wp-json\/wp\/v2\/types\/product"}],"replies":[{"embeddable":true,"href":"https:\/\/tapisrideauxcamions.fr\/ro\/wp-json\/wp\/v2\/comments?post=5382"}],"wp:featuredmedia":[{"embeddable":true,"href":"https:\/\/tapisrideauxcamions.fr\/ro\/wp-json\/wp\/v2\/media\/6167"}],"wp:attachment":[{"href":"https:\/\/tapisrideauxcamions.fr\/ro\/wp-json\/wp\/v2\/media?parent=5382"}],"wp:term":[{"taxonomy":"product_brand","embeddable":true,"href":"https:\/\/tapisrideauxcamions.fr\/ro\/wp-json\/wp\/v2\/product_brand?post=5382"},{"taxonomy":"product_cat","embeddable":true,"href":"https:\/\/tapisrideauxcamions.fr\/ro\/wp-json\/wp\/v2\/product_cat?post=5382"},{"taxonomy":"product_tag","embeddable":true,"href":"https:\/\/tapisrideauxcamions.fr\/ro\/wp-json\/wp\/v2\/product_tag?post=5382"}],"curies":[{"name":"wp","href":"https:\/\/api.w.org\/{rel}","templated":true}]}}