{"id":5278,"date":"2026-01-26T13:55:01","date_gmt":"2026-01-26T13:55:01","guid":{"rendered":"http:\/\/tapisrideauxcamion2.local\/?post_type=product&#038;p=5278"},"modified":"2026-04-25T12:35:41","modified_gmt":"2026-04-25T12:35:41","slug":"taie-doreiller-en-alcantara-sur-mesure-personnalisable","status":"publish","type":"product","link":"https:\/\/tapisrideauxcamions.fr\/ro\/product\/taie-doreiller-en-alcantara-sur-mesure-personnalisable\/","title":{"rendered":"Hus\u0103 pentru pern\u0103 personalizabil\u0103 \u2013 Alcantara"},"content":{"rendered":"<h2>Confort \u0219i calitate superioar\u0103<\/h2>\n<p>Completeaz\u0103-\u021bi setul pentru cu\u0219et\u0103 cu fa\u021ba de pern\u0103 personalizat\u0103, realizat\u0103 din Alcantara moale \u0219i durabil\u0103. Acest material premium ofer\u0103 o textur\u0103 pl\u0103cut\u0103 \u0219i rezistent\u0103, asigur\u00e2nd un confort optim pe timpul nop\u021bii.<\/p>\n<h2>Op\u021biuni de personalizare<\/h2>\n<p>Pentru a se potrivi gusturilor tale unice, fa\u021ba de pern\u0103 este complet personalizabil\u0103 \u00een ceea ce prive\u0219te culoarea. Alege dintr-o gam\u0103 variat\u0103 de culori elegante care se armonizeaz\u0103 perfect cu stilul cabinei tale. De asemenea, exist\u0103 op\u021biunea de broderie pentru un plus de rafinament \u0219i personalitate.<\/p>\n<h2>Un stil perfect adaptat<\/h2>\n<p>Conceput\u0103 pentru a se integra armonios \u00een cabina ta, aceast\u0103 fa\u021b\u0103 de pern\u0103 personalizat\u0103 adaug\u0103 o not\u0103 de elegan\u021b\u0103 des\u0103v\u00e2r\u0219it\u0103. Indiferent dac\u0103 spa\u021biul t\u0103u este modern sau clasic, calitatea execu\u021biei \u0219i designul rafinat fac din aceasta un element esen\u021bial al amenaj\u0103rii.<\/p>","protected":false},"excerpt":{"rendered":"<p>Confort et qualit\u00e9 sup\u00e9rieure Compl\u00e9tez votre ensemble de couchette avec notre taie d&#8217;oreiller sur-mesure, con\u00e7ue \u00e0 partir d&#8217;Alcantara doux et durable. Ce mat\u00e9riau haut de gamme offre un toucher agr\u00e9able<\/p>","protected":false},"featured_media":6117,"comment_status":"open","ping_status":"closed","template":"","meta":[],"product_brand":[],"product_cat":[227],"product_tag":[],"class_list":{"0":"post-5278","1":"product","2":"type-product","3":"status-publish","4":"has-post-thumbnail","6":"product_cat-couvre-lit-et-taie-doreiller-en-similicuir-ou-tissu","8":"first","9":"instock","10":"shipping-taxable","11":"purchasable","12":"product-type-variable"},"_links":{"self":[{"href":"https:\/\/tapisrideauxcamions.fr\/ro\/wp-json\/wp\/v2\/product\/5278","targetHints":{"allow":["GET"]}}],"collection":[{"href":"https:\/\/tapisrideauxcamions.fr\/ro\/wp-json\/wp\/v2\/product"}],"about":[{"href":"https:\/\/tapisrideauxcamions.fr\/ro\/wp-json\/wp\/v2\/types\/product"}],"replies":[{"embeddable":true,"href":"https:\/\/tapisrideauxcamions.fr\/ro\/wp-json\/wp\/v2\/comments?post=5278"}],"wp:featuredmedia":[{"embeddable":true,"href":"https:\/\/tapisrideauxcamions.fr\/ro\/wp-json\/wp\/v2\/media\/6117"}],"wp:attachment":[{"href":"https:\/\/tapisrideauxcamions.fr\/ro\/wp-json\/wp\/v2\/media?parent=5278"}],"wp:term":[{"taxonomy":"product_brand","embeddable":true,"href":"https:\/\/tapisrideauxcamions.fr\/ro\/wp-json\/wp\/v2\/product_brand?post=5278"},{"taxonomy":"product_cat","embeddable":true,"href":"https:\/\/tapisrideauxcamions.fr\/ro\/wp-json\/wp\/v2\/product_cat?post=5278"},{"taxonomy":"product_tag","embeddable":true,"href":"https:\/\/tapisrideauxcamions.fr\/ro\/wp-json\/wp\/v2\/product_tag?post=5278"}],"curies":[{"name":"wp","href":"https:\/\/api.w.org\/{rel}","templated":true}]}}