{"id":5549,"date":"2026-01-30T13:23:01","date_gmt":"2026-01-30T13:23:01","guid":{"rendered":"http:\/\/tapisrideauxcamion2.local\/?page_id=5549"},"modified":"2026-03-11T19:30:43","modified_gmt":"2026-03-11T19:30:43","slug":"politique-de-confindentialite","status":"publish","type":"page","link":"https:\/\/tapisrideauxcamions.fr\/ro\/politique-de-confindentialite\/","title":{"rendered":"Politica de confiden\u021bialitate"},"content":{"rendered":"<div data-elementor-type=\"wp-page\" data-elementor-id=\"5549\" class=\"elementor elementor-5549\">\n\t\t\t\t<div class=\"elementor-element elementor-element-2d3c742 e-flex e-con-boxed e-con e-parent\" data-id=\"2d3c742\" data-element_type=\"container\" data-e-type=\"container\">\n\t\t\t\t\t<div class=\"e-con-inner\">\n\t\t\t\t<div class=\"elementor-element elementor-element-9b2bfc5 elementor-widget elementor-widget-heading\" data-id=\"9b2bfc5\" data-element_type=\"widget\" data-e-type=\"widget\" data-widget_type=\"heading.default\">\n\t\t\t\t\t<h2 class=\"elementor-heading-title elementor-size-default\">Politic\u0103 de Confiden\u021bialitate<\/h2>\t\t\t\t<\/div>\n\t\t\t\t\t<\/div>\n\t\t\t\t<\/div>\n\t\t<div class=\"elementor-element elementor-element-c72aa3a e-flex e-con-boxed e-con e-parent\" data-id=\"c72aa3a\" data-element_type=\"container\" data-e-type=\"container\">\n\t\t\t\t\t<div class=\"e-con-inner\">\n\t\t\t\t<div class=\"elementor-element elementor-element-b831f94 elementor-widget elementor-widget-text-editor\" data-id=\"b831f94\" data-element_type=\"widget\" data-e-type=\"widget\" data-widget_type=\"text-editor.default\">\n\t\t\t\t\t\t\t\t\t<h4 data-path-to-node=\"4\">1. Operatorul de date<\/h4><p data-path-to-node=\"4\">Operatorul responsabil pentru prelucrarea datelor cu caracter personal este firma <strong>Tapisrideauxcamion<\/strong>, dont le si\u00e8ge est situ\u00e9 \u00e0 France, 1 rue des vignes 91310<br \/>Leuville-sur-Orge , repr\u00e9sent\u00e9e par Pop Robert Marius. Contact : contact@tapisrideauxcamions.fr | +33749778792.<\/p><h4 data-path-to-node=\"5\">2. Date colectate \u0219i Scopul prelucr\u0103rii<\/h4><p data-path-to-node=\"5\">Colect\u0103m \u0219i prelucr\u0103m datele dumneavoastr\u0103 pentru urm\u0103toarele scopuri:<\/p><ul data-path-to-node=\"6\"><li><p data-path-to-node=\"6,0,0\"><b data-path-to-node=\"6,0,0\" data-index-in-node=\"0\">Gestionarea comenzilor:<\/b> Nume, prenume, adresa de livrare \u0219i facturare, num\u0103r de telefon, e-mail. (Temei legal: Executarea contractului).<\/p><\/li><li><p data-path-to-node=\"6,1,0\"><b data-path-to-node=\"6,1,0\" data-index-in-node=\"0\">Validare manual\u0103:<\/b> Utiliz\u0103m datele de contact pentru a v\u0103 contacta personal (prin e-mail sau WhatsApp) \u00een vederea confirm\u0103rii detaliilor tehnice \u0219i a instruc\u021biunilor de plat\u0103 pentru avansul de 50%.<\/p><\/li><li><p data-path-to-node=\"6,2,0\"><b data-path-to-node=\"6,2,0\" data-index-in-node=\"0\">Pl\u0103\u021bi:<\/b> Informa\u021biile de plat\u0103 sunt procesate prin <b data-path-to-node=\"6,2,0\" data-index-in-node=\"58\">PayPal, Transfer Bancar sau Wero<\/b>. Nu stoc\u0103m date bancare sau detalii de card pe serverele noastre.<\/p><\/li><li><p data-path-to-node=\"6,3,0\"><b data-path-to-node=\"6,3,0\" data-index-in-node=\"0\">Navigare \u0219i Securitate:<\/b> Date tehnice (adresa IP, module cookie) prin WordPress pentru func\u021bionarea co\u0219ului de cump\u0103r\u0103turi \u0219i securitatea site-ului.<\/p><\/li><\/ul><h4 data-path-to-node=\"7\">3. Destinatarii datelor<\/h4><p data-path-to-node=\"7\">Datele dumneavoastr\u0103 nu sunt v\u00e2ndute c\u0103tre ter\u021bi. Acestea sunt partajate exclusiv cu:<\/p><ul data-path-to-node=\"8\"><li><p data-path-to-node=\"8,0,0\"><b data-path-to-node=\"8,0,0\" data-index-in-node=\"0\">Firme de curier utilizate:<\/b> Chronopost, Colissimo (pentru livrare).<\/p><\/li><li><p data-path-to-node=\"8,1,0\"><b data-path-to-node=\"8,1,0\" data-index-in-node=\"0\">G\u0103zduire (Hosting) :<\/b> Hostinger International Ltd (stocarea securizat\u0103 a bazei de date).<\/p><\/li><li><p data-path-to-node=\"8,2,0\"><b data-path-to-node=\"8,2,0\" data-index-in-node=\"0\">Platforme tehnice:<\/b> WordPress \u0219i WooCommerce.<\/p><\/li><li><p data-path-to-node=\"8,3,0\"><b data-path-to-node=\"8,3,0\" data-index-in-node=\"0\">Autorit\u0103\u021bi:<\/b> Doar \u00een cazul unei obliga\u021bii legale.<\/p><\/li><\/ul><h4 data-path-to-node=\"9\">4. C\u00e2t timp sunt stocate datele?<\/h4><ul data-path-to-node=\"10\"><li><p data-path-to-node=\"10,0,0\"><b data-path-to-node=\"10,0,0\" data-index-in-node=\"0\">Date clien\u021bi:<\/b> P\u0103strate pe durata rela\u021biei comerciale, plus 5 ani pentru conformitate contabil\u0103 \u0219i fiscal\u0103.<\/p><\/li><li><p data-path-to-node=\"10,1,0\"><b data-path-to-node=\"10,1,0\" data-index-in-node=\"0\">Comenzi nefinalizate:<\/b> Dac\u0103 o comand\u0103 nu este confirmat\u0103 dup\u0103 contactul ini\u021bial, datele sunt \u0219terse \u00een termen de 6 luni.<\/p><\/li><\/ul><h4 data-path-to-node=\"11\">5. Drepturile dumneavoastr\u0103 (GDPR)<\/h4><p data-path-to-node=\"11\">Conform Regulamentului European privind Protec\u021bia Datelor, ave\u021bi dreptul de acces, rectificare, \u0219tergere, opozi\u021bie \u0219i portabilitate a datelor. Pentru exercitarea acestor drepturi, ne pute\u021bi contacta la: tapisrideauxcamion@gmail.com.\nAve\u021bi, de asemenea, dreptul de a depune o pl\u00e2ngere la autoritatea de supraveghere competent\u0103 <b data-path-to-node=\"11\" data-index-in-node=\"344\">ANSPDCP<\/b> (www.dataprotection.ro)<\/p><h4 data-path-to-node=\"12\">6. Securitatea datelor<\/h4><p data-path-to-node=\"12\">Site-ul beneficiaz\u0103 de un certificat de securitate <b data-path-to-node=\"12\" data-index-in-node=\"50\">SSL<\/b> (conexiune criptat\u0103 HTTPS) prin Hostinger, asigur\u00e2nd protec\u021bia informa\u021biilor trimise prin formularele de comand\u0103.<\/p>\t\t\t\t\t\t\t\t<\/div>\n\t\t\t\t\t<\/div>\n\t\t\t\t<\/div>\n\t\t\t\t<\/div>","protected":false},"excerpt":{"rendered":"<p>Politique de Confidentialit\u00e9 1. Responsable du traitement Le responsable du traitement des donn\u00e9es personnelles est l&#8217;entreprise Tapisrideauxcamion, dont le si\u00e8ge est situ\u00e9 \u00e0 France, 1 rue des vignes 91310Leuville-sur-Orge ,<\/p>","protected":false},"author":1,"featured_media":0,"parent":0,"menu_order":0,"comment_status":"closed","ping_status":"closed","template":"","meta":{"footnotes":""},"class_list":["post-5549","page","type-page","status-publish","hentry"],"_links":{"self":[{"href":"https:\/\/tapisrideauxcamions.fr\/ro\/wp-json\/wp\/v2\/pages\/5549","targetHints":{"allow":["GET"]}}],"collection":[{"href":"https:\/\/tapisrideauxcamions.fr\/ro\/wp-json\/wp\/v2\/pages"}],"about":[{"href":"https:\/\/tapisrideauxcamions.fr\/ro\/wp-json\/wp\/v2\/types\/page"}],"author":[{"embeddable":true,"href":"https:\/\/tapisrideauxcamions.fr\/ro\/wp-json\/wp\/v2\/users\/1"}],"replies":[{"embeddable":true,"href":"https:\/\/tapisrideauxcamions.fr\/ro\/wp-json\/wp\/v2\/comments?post=5549"}],"version-history":[{"count":5,"href":"https:\/\/tapisrideauxcamions.fr\/ro\/wp-json\/wp\/v2\/pages\/5549\/revisions"}],"predecessor-version":[{"id":6970,"href":"https:\/\/tapisrideauxcamions.fr\/ro\/wp-json\/wp\/v2\/pages\/5549\/revisions\/6970"}],"wp:attachment":[{"href":"https:\/\/tapisrideauxcamions.fr\/ro\/wp-json\/wp\/v2\/media?parent=5549"}],"curies":[{"name":"wp","href":"https:\/\/api.w.org\/{rel}","templated":true}]}}