{"id":5528,"date":"2026-01-30T08:07:32","date_gmt":"2026-01-30T08:07:32","guid":{"rendered":"http:\/\/tapisrideauxcamion2.local\/?page_id=5528"},"modified":"2026-03-11T14:57:54","modified_gmt":"2026-03-11T14:57:54","slug":"politique-relative-aux-cookies","status":"publish","type":"page","link":"https:\/\/tapisrideauxcamions.fr\/ro\/politique-relative-aux-cookies\/","title":{"rendered":"Politica de utilizare Cookie-uri."},"content":{"rendered":"<div data-elementor-type=\"wp-page\" data-elementor-id=\"5528\" class=\"elementor elementor-5528\">\n\t\t\t\t<div class=\"elementor-element elementor-element-127656e e-flex e-con-boxed e-con e-parent\" data-id=\"127656e\" data-element_type=\"container\" data-e-type=\"container\">\n\t\t\t\t\t<div class=\"e-con-inner\">\n\t\t\t\t<div class=\"elementor-element elementor-element-c7b0ba5 elementor-widget elementor-widget-heading\" data-id=\"c7b0ba5\" data-element_type=\"widget\" data-e-type=\"widget\" data-widget_type=\"heading.default\">\n\t\t\t\t\t<h2 class=\"elementor-heading-title elementor-size-default\">Politic\u0103 privind Modulele Cookie<\/h2>\t\t\t\t<\/div>\n\t\t\t\t\t<\/div>\n\t\t\t\t<\/div>\n\t\t<div class=\"elementor-element elementor-element-33e87f4 e-flex e-con-boxed e-con e-parent\" data-id=\"33e87f4\" data-element_type=\"container\" data-e-type=\"container\">\n\t\t\t\t\t<div class=\"e-con-inner\">\n\t\t\t\t<div class=\"elementor-element elementor-element-ce51a89 elementor-widget elementor-widget-text-editor\" data-id=\"ce51a89\" data-element_type=\"widget\" data-e-type=\"widget\" data-widget_type=\"text-editor.default\">\n\t\t\t\t\t\t\t\t\t<h4 data-path-to-node=\"5\">1. Ce este un modul cookie?<\/h4><p data-path-to-node=\"5\">Modulele cookie sunt fi\u0219iere text de mici dimensiuni, stocate pe computerul, tableta sau smartphone-ul dumneavoastr\u0103 atunci c\u00e2nd vizita\u021bi un site web. Acestea permit site-ului s\u0103 \u201e\u021bin\u0103 minte\u201d ac\u021biunile sau preferin\u021bele dumneavoastr\u0103 pe o anumit\u0103 perioad\u0103 de timp.<\/p><h4 data-path-to-node=\"6\">2. Cum utiliz\u0103m modulele cookie?<\/h4><p data-path-to-node=\"6\">Site-ul nostru utilizeaz\u0103 cookie-uri pentru a \u00eembun\u0103t\u0103\u021bi experien\u021ba de navigare \u0219i pentru a analiza traficul. Deoarece folosim platforma <b data-path-to-node=\"6\" data-index-in-node=\"176\">WordPress<\/b> \u0219i <b data-path-to-node=\"6\" data-index-in-node=\"201\">WooCommerce<\/b>anumite cookie-uri sunt indispensabile pentru procesul de cump\u0103rare (de exemplu, pentru a p\u0103stra produsele \u00een co\u0219).<\/p><h4 data-path-to-node=\"7\">3. Tipuri de cookie-uri utilizate<\/h4><ul data-path-to-node=\"8\"><li><p data-path-to-node=\"8,0,0\"><b data-path-to-node=\"8,0,0\" data-index-in-node=\"0\">Cookie-uri strict necesare:<\/b> Sunt esen\u021biale pentru func\u021bionarea site-ului (accesarea co\u0219ului de cump\u0103r\u0103turi, securitate, autentificare). F\u0103r\u0103 acestea, magazinul online nu poate procesa comenzi.<\/p><\/li><li><p data-path-to-node=\"8,1,0\"><b data-path-to-node=\"8,1,0\" data-index-in-node=\"0\">Cookie-uri de performan\u021b\u0103 \u0219i analiz\u0103:<\/b> Ne ajut\u0103 s\u0103 \u00een\u021belegem cum interac\u021bioneaz\u0103 vizitatorii cu site-ul (pagini vizitate, sursa traficului). Aceste date sunt colectate, de regul\u0103, \u00een mod anonim.<\/p><\/li><li><p data-path-to-node=\"8,2,0\"><b data-path-to-node=\"8,2,0\" data-index-in-node=\"0\">Cookie-uri de la ter\u021bi:<\/b> Site-ul nostru poate include func\u021bii ale unor ter\u021be p\u0103r\u021bi (cum ar fi h\u0103r\u021bi de loca\u021bie, butoane de partajare pe re\u021belele sociale sau widgetul <b data-path-to-node=\"8,2,0\" data-index-in-node=\"158\">WhatsApp<\/b>). Aceste ter\u021be p\u0103r\u021bi pot seta propriile cookie-uri dac\u0103 interac\u021biona\u021bi cu serviciile lor.<\/p><\/li><\/ul><h4 data-path-to-node=\"9\">4. C\u00e2t timp sunt stocate datele?<\/h4><p data-path-to-node=\"9\">Durata de stocare variaz\u0103. Cookie-urile de sesiune expir\u0103 la \u00eenchiderea browserului. Cookie-urile persistente r\u0103m\u00e2n pe dispozitiv pentru o perioad\u0103 determinat\u0103 (de regul\u0103, maximum 12-13 luni conform normelor europene), pentru a v\u0103 recunoa\u0219te la urm\u0103toarea vizit\u0103.<\/p><h4 data-path-to-node=\"10\">5. Cum pute\u021bi controla modulele cookie?<\/h4><p data-path-to-node=\"10\">Pute\u021bi \u0219terge sau bloca modulele cookie din set\u0103rile browserului dumneavoastr\u0103. Re\u021bine\u021bi c\u0103 dezactivarea acestora poate \u00eempiedica finalizarea unei comenzi pe site-ul nostru.<\/p><ul data-path-to-node=\"11\"><li><p data-path-to-node=\"11,0,0\"><a class=\"ng-star-inserted\" href=\"https:\/\/support.google.com\/chrome\/answer\/95647\" target=\"_blank\" rel=\"noopener nofollow\" data-hveid=\"0\" data-ved=\"0CAAQ_4QMahgKEwjs7Im8xZeTAxUAAAAAHQAAAAAQ_QE\">Google Chrome<\/a><\/p><\/li><li><p data-path-to-node=\"11,1,0\"><a class=\"ng-star-inserted\" href=\"https:\/\/www.google.com\/search?q=https:\/\/support.mozilla.org\/fr\/kb\/autoriser-bloquer-cookies\" target=\"_blank\" rel=\"noopener nofollow\" data-hveid=\"0\" data-ved=\"0CAAQ_4QMahgKEwjs7Im8xZeTAxUAAAAAHQAAAAAQ_gE\">Mozilla Firefox<\/a><\/p><\/li><li><p data-path-to-node=\"11,2,0\"><a class=\"ng-star-inserted\" href=\"https:\/\/support.apple.com\/fr-fr\/guide\/safari\/sfri11471\/mac\" target=\"_blank\" rel=\"noopener nofollow\" data-hveid=\"0\" data-ved=\"0CAAQ_4QMahgKEwjs7Im8xZeTAxUAAAAAHQAAAAAQ_wE\">Safari<\/a><\/p><\/li><li><p data-path-to-node=\"11,3,0\"><a class=\"ng-star-inserted\" href=\"https:\/\/www.google.com\/search?q=https:\/\/support.microsoft.com\/fr-fr\/microsoft-edge\/supprimer-les-cookies-dans-microsoft-edge-63491174-5142-99d9-511f-746d6552afc0\" target=\"_blank\" rel=\"noopener nofollow\" data-hveid=\"0\" data-ved=\"0CAAQ_4QMahgKEwjs7Im8xZeTAxUAAAAAHQAAAAAQgAI\">Microsoft Edge<\/a><\/p><\/li><\/ul><h4 data-path-to-node=\"12\">6. Contact<\/h4><p data-path-to-node=\"12\">Pentru \u00eentreb\u0103ri suplimentare, ne pute\u021bi contacta la: tapisrideauxcamion@gmail.com.<\/p>\t\t\t\t\t\t\t\t<\/div>\n\t\t\t\t\t<\/div>\n\t\t\t\t<\/div>\n\t\t\t\t<\/div>","protected":false},"excerpt":{"rendered":"<p>Politique relative aux Cookies 1. Qu\u2019est-ce qu\u2019un cookie ? Les cookies sont de petits fichiers texte stock\u00e9s sur votre ordinateur, tablette ou smartphone lorsque vous visitez un site web. Ils<\/p>","protected":false},"author":1,"featured_media":0,"parent":0,"menu_order":0,"comment_status":"closed","ping_status":"closed","template":"","meta":{"footnotes":""},"class_list":["post-5528","page","type-page","status-publish","hentry"],"_links":{"self":[{"href":"https:\/\/tapisrideauxcamions.fr\/ro\/wp-json\/wp\/v2\/pages\/5528","targetHints":{"allow":["GET"]}}],"collection":[{"href":"https:\/\/tapisrideauxcamions.fr\/ro\/wp-json\/wp\/v2\/pages"}],"about":[{"href":"https:\/\/tapisrideauxcamions.fr\/ro\/wp-json\/wp\/v2\/types\/page"}],"author":[{"embeddable":true,"href":"https:\/\/tapisrideauxcamions.fr\/ro\/wp-json\/wp\/v2\/users\/1"}],"replies":[{"embeddable":true,"href":"https:\/\/tapisrideauxcamions.fr\/ro\/wp-json\/wp\/v2\/comments?post=5528"}],"version-history":[{"count":5,"href":"https:\/\/tapisrideauxcamions.fr\/ro\/wp-json\/wp\/v2\/pages\/5528\/revisions"}],"predecessor-version":[{"id":6952,"href":"https:\/\/tapisrideauxcamions.fr\/ro\/wp-json\/wp\/v2\/pages\/5528\/revisions\/6952"}],"wp:attachment":[{"href":"https:\/\/tapisrideauxcamions.fr\/ro\/wp-json\/wp\/v2\/media?parent=5528"}],"curies":[{"name":"wp","href":"https:\/\/api.w.org\/{rel}","templated":true}]}}