{"id":5521,"date":"2026-01-30T08:00:39","date_gmt":"2026-01-30T08:00:39","guid":{"rendered":"http:\/\/tapisrideauxcamion2.local\/?page_id=5521"},"modified":"2026-03-08T07:29:57","modified_gmt":"2026-03-08T07:29:57","slug":"modes-de-paiement","status":"publish","type":"page","link":"https:\/\/tapisrideauxcamions.fr\/ro\/modes-de-paiement\/","title":{"rendered":"Metode de plat\u0103"},"content":{"rendered":"<div data-elementor-type=\"wp-page\" data-elementor-id=\"5521\" class=\"elementor elementor-5521\">\n\t\t\t\t<div class=\"elementor-element elementor-element-da52baa e-flex e-con-boxed e-con e-parent\" data-id=\"da52baa\" data-element_type=\"container\" data-e-type=\"container\">\n\t\t\t\t\t<div class=\"e-con-inner\">\n\t\t\t\t<div class=\"elementor-element elementor-element-12b1cf5 elementor-widget elementor-widget-text-editor\" data-id=\"12b1cf5\" data-element_type=\"widget\" data-e-type=\"widget\" data-widget_type=\"text-editor.default\">\n\t\t\t\t\t\t\t\t\t<h3 data-start=\"1679\" data-end=\"1711\">Func\u021bionarea comenzilor<\/h3><ol data-start=\"1713\" data-end=\"2015\"><li data-start=\"1713\" data-end=\"1756\"><p data-start=\"1716\" data-end=\"1756\">Clientul plaseaz\u0103 comanda pe site-ul nostru.<\/p><\/li><li data-start=\"1757\" data-end=\"1833\"><p data-start=\"1760\" data-end=\"1833\">Contact\u0103m clientul pentru a confirma disponibilitatea \u0219i detaliile comenzii.<\/p><\/li><li data-start=\"1834\" data-end=\"1929\"><p data-start=\"1837\" data-end=\"1929\">Dup\u0103 confirmare, este necesar un avans de <strong>50% din suma total\u0103<\/strong> achitat prin transfer bancar.<\/p><\/li><li data-start=\"1930\" data-end=\"2015\"><p data-start=\"1933\" data-end=\"2015\">Produc\u021bia \u0219i\/sau expedierea \u00eencepe doar dup\u0103 recep\u021bionarea avansului.<\/p><\/li><\/ol><hr data-start=\"2017\" data-end=\"2020\" \/><h3 data-start=\"2022\" data-end=\"2046\">Modalitate de plat\u0103<\/h3><p data-start=\"2048\" data-end=\"2097\">Plata se efectueaz\u0103 prin <strong data-start=\"2075\" data-end=\"2096\">transfer bancar<\/strong>.<\/p><p data-start=\"2099\" data-end=\"2177\">Datele bancare vor fi transmise dup\u0103 confirmarea comenzii.<\/p><hr data-start=\"2179\" data-end=\"2182\" \/><h3 data-start=\"2184\" data-end=\"2201\">Sold r\u0103mas<\/h3><p data-start=\"2203\" data-end=\"2315\">Restul de 50% trebuie pl\u0103tit \u00eenainte de expedierea final\u0103 sau conform termenilor conveni\u021bi cu clientul.<\/p><hr data-start=\"2317\" data-end=\"2320\" \/><h3 data-start=\"2322\" data-end=\"2352\">Anulare &amp; Rambursare<\/h3><ul data-start=\"2354\" data-end=\"2633\"><li data-start=\"2354\" data-end=\"2456\"><p data-start=\"2356\" data-end=\"2456\">Comenzile personalizate (realizate la comand\u0103) nu pot fi anulate dup\u0103 \u00eenceperea produc\u021biei.<\/p><\/li><li data-start=\"2457\" data-end=\"2529\"><p data-start=\"2459\" data-end=\"2529\">Avansul de 50% nu este rambursabil odat\u0103 ce produc\u021bia a \u00eenceput.<\/p><\/li><li data-start=\"2530\" data-end=\"2633\"><p data-start=\"2532\" data-end=\"2633\">Pentru produsele standard, cererile de anulare sunt analizate individual \u00eenainte de expediere.<\/p><\/li><\/ul><hr data-start=\"2635\" data-end=\"2638\" \/><h3 data-start=\"2640\" data-end=\"2667\">Siguran\u021b\u0103 &amp; Transparen\u021b\u0103<\/h3><p data-start=\"2669\" data-end=\"2802\">Ne angaj\u0103m s\u0103 confirm\u0103m fiecare comand\u0103 \u00eenainte de orice solicitare de plat\u0103, pentru a evita eventuale erori sau configura\u021bii incorecte.<\/p>\t\t\t\t\t\t\t\t<\/div>\n\t\t\t\t\t<\/div>\n\t\t\t\t<\/div>\n\t\t\t\t<\/div>","protected":false},"excerpt":{"rendered":"<p>Fonctionnement des commandes Le client passe commande sur notre site. Nous contactons le client pour confirmer la disponibilit\u00e9 et les d\u00e9tails. Apr\u00e8s confirmation, un acompte de 50% du montant total<\/p>","protected":false},"author":1,"featured_media":0,"parent":0,"menu_order":0,"comment_status":"closed","ping_status":"closed","template":"","meta":{"footnotes":""},"class_list":["post-5521","page","type-page","status-publish","hentry"],"_links":{"self":[{"href":"https:\/\/tapisrideauxcamions.fr\/ro\/wp-json\/wp\/v2\/pages\/5521","targetHints":{"allow":["GET"]}}],"collection":[{"href":"https:\/\/tapisrideauxcamions.fr\/ro\/wp-json\/wp\/v2\/pages"}],"about":[{"href":"https:\/\/tapisrideauxcamions.fr\/ro\/wp-json\/wp\/v2\/types\/page"}],"author":[{"embeddable":true,"href":"https:\/\/tapisrideauxcamions.fr\/ro\/wp-json\/wp\/v2\/users\/1"}],"replies":[{"embeddable":true,"href":"https:\/\/tapisrideauxcamions.fr\/ro\/wp-json\/wp\/v2\/comments?post=5521"}],"version-history":[{"count":5,"href":"https:\/\/tapisrideauxcamions.fr\/ro\/wp-json\/wp\/v2\/pages\/5521\/revisions"}],"predecessor-version":[{"id":6812,"href":"https:\/\/tapisrideauxcamions.fr\/ro\/wp-json\/wp\/v2\/pages\/5521\/revisions\/6812"}],"wp:attachment":[{"href":"https:\/\/tapisrideauxcamions.fr\/ro\/wp-json\/wp\/v2\/media?parent=5521"}],"curies":[{"name":"wp","href":"https:\/\/api.w.org\/{rel}","templated":true}]}}