{"id":5518,"date":"2026-01-30T07:59:10","date_gmt":"2026-01-30T07:59:10","guid":{"rendered":"http:\/\/tapisrideauxcamion2.local\/?page_id=5518"},"modified":"2026-03-03T08:59:48","modified_gmt":"2026-03-03T08:59:48","slug":"livraison-des-commandes","status":"publish","type":"page","link":"https:\/\/tapisrideauxcamions.fr\/ro\/livraison-des-commandes\/","title":{"rendered":"Livrarea comenzilor"},"content":{"rendered":"<div data-elementor-type=\"wp-page\" data-elementor-id=\"5518\" class=\"elementor elementor-5518\">\n\t\t\t\t<div class=\"elementor-element elementor-element-55ac2b2 e-flex e-con-boxed e-con e-parent\" data-id=\"55ac2b2\" data-element_type=\"container\" data-e-type=\"container\">\n\t\t\t\t\t<div class=\"e-con-inner\">\n\t\t\t\t<div class=\"elementor-element elementor-element-892063b elementor-widget elementor-widget-heading\" data-id=\"892063b\" data-element_type=\"widget\" data-e-type=\"widget\" data-widget_type=\"heading.default\">\n\t\t\t\t\t<h1 class=\"elementor-heading-title elementor-size-default\">Politic\u0103 de livrare<\/h1>\t\t\t\t<\/div>\n\t\t\t\t\t<\/div>\n\t\t\t\t<\/div>\n\t\t<div class=\"elementor-element elementor-element-de73b66 e-flex e-con-boxed e-con e-parent\" data-id=\"de73b66\" data-element_type=\"container\" data-e-type=\"container\">\n\t\t\t\t\t<div class=\"e-con-inner\">\n\t\t\t\t<div class=\"elementor-element elementor-element-857c24c elementor-widget elementor-widget-text-editor\" data-id=\"857c24c\" data-element_type=\"widget\" data-e-type=\"widget\" data-widget_type=\"text-editor.default\">\n\t\t\t\t\t\t\t\t\t<h3 data-start=\"397\" data-end=\"419\">Zone de livrare<\/h3>\n<p data-start=\"126\" data-end=\"191\">Livr\u0103m \u00een <strong data-start=\"142\" data-end=\"152\">Fran\u021ba<\/strong> si <strong data-start=\"168\" data-end=\"190\">Uniunea European\u0103<\/strong>.<\/p>\n<hr data-start=\"607\" data-end=\"610\">\n<h2 data-start=\"198\" data-end=\"220\">Termenul de livrare<\/h2>\n<p data-start=\"222\" data-end=\"286\">Timpul de livrare variaz\u0103 \u00een func\u021bie de tipul de produs:<\/p>\n<ul data-start=\"288\" data-end=\"466\">\n<li data-start=\"288\" data-end=\"385\">\n<p data-start=\"290\" data-end=\"385\"><strong data-start=\"290\" data-end=\"312\">Produse standard<\/strong> Franta (2-3 zile lucratoare), Uniunea Europeana (3-7 zile lucratoare)<\/p>\n<\/li>\n<li data-start=\"386\" data-end=\"466\">\n<p data-start=\"388\" data-end=\"466\"><strong data-start=\"388\" data-end=\"414\">Produse personalizate<\/strong> (\u00een func\u021bie de model camion) : 10-20 zile lucratoare<\/p>\n<\/li>\n<\/ul>\n<hr data-start=\"1234\" data-end=\"1237\">\n<h2 data-start=\"473\" data-end=\"500\">Informa\u021bii importante<\/h2>\n<ul data-start=\"502\" data-end=\"1010\">\n<li data-start=\"502\" data-end=\"600\">\n<p data-start=\"504\" data-end=\"600\">Costurile de transport sunt calculate \u00een func\u021bie de destina\u021bie \u0219i greutatea comenzii.<\/p>\n<\/li>\n<li data-start=\"601\" data-end=\"679\">\n<p data-start=\"603\" data-end=\"679\">Produsele personalizate necesit\u0103 validare \u00eenainte de produc\u021bie.<\/p>\n<\/li>\n<li data-start=\"680\" data-end=\"773\">\n<p data-start=\"682\" data-end=\"773\">Produc\u021bia \u0219i livrarea vor \u00eencepe numai dup\u0103 primirea avansului de 50%.<\/p>\n<\/li>\n<li data-start=\"774\" data-end=\"855\">\n<p data-start=\"776\" data-end=\"855\">Timpii de livrare pot varia \u00een perioadele cu cerere mare.<\/p>\n<\/li>\n<li data-start=\"856\" data-end=\"957\">\n<p data-start=\"858\" data-end=\"957\">Nu suntem responsabili pentru \u00eent\u00e2rzierile cauzate de transportator sau vam\u0103.<\/p>\n<\/li>\n<li data-start=\"958\" data-end=\"1010\">\n<p data-start=\"960\" data-end=\"1010\">Un num\u0103r de urm\u0103rire va fi furnizat dup\u0103 expediere.<\/p>\n<\/li>\n<\/ul>\n<p data-start=\"1012\" data-end=\"1140\">Pentru orice \u00eentreb\u0103ri legate de comanda dumneavoastr\u0103, v\u0103 rug\u0103m s\u0103 ne contacta\u021bi la: <strong data-start=\"1108\" data-end=\"1140\"><a class=\"decorated-link cursor-pointer\" rel=\"noopener\" data-start=\"1110\" data-end=\"1138\">tapisrideauxcamion@gmail.com<\/a><\/strong><\/p>\t\t\t\t\t\t\t\t<\/div>\n\t\t\t\t\t<\/div>\n\t\t\t\t<\/div>\n\t\t\t\t<\/div>","protected":false},"excerpt":{"rendered":"<p>Politique de livraison Zones de livraison Nous livrons en France ainsi que dans l\u2019Union europ\u00e9enne. D\u00e9lais de livraison Les d\u00e9lais de livraison varient en fonction du type de produit :<\/p>","protected":false},"author":1,"featured_media":0,"parent":0,"menu_order":0,"comment_status":"closed","ping_status":"closed","template":"","meta":{"footnotes":""},"class_list":["post-5518","page","type-page","status-publish","hentry"],"_links":{"self":[{"href":"https:\/\/tapisrideauxcamions.fr\/ro\/wp-json\/wp\/v2\/pages\/5518","targetHints":{"allow":["GET"]}}],"collection":[{"href":"https:\/\/tapisrideauxcamions.fr\/ro\/wp-json\/wp\/v2\/pages"}],"about":[{"href":"https:\/\/tapisrideauxcamions.fr\/ro\/wp-json\/wp\/v2\/types\/page"}],"author":[{"embeddable":true,"href":"https:\/\/tapisrideauxcamions.fr\/ro\/wp-json\/wp\/v2\/users\/1"}],"replies":[{"embeddable":true,"href":"https:\/\/tapisrideauxcamions.fr\/ro\/wp-json\/wp\/v2\/comments?post=5518"}],"version-history":[{"count":35,"href":"https:\/\/tapisrideauxcamions.fr\/ro\/wp-json\/wp\/v2\/pages\/5518\/revisions"}],"predecessor-version":[{"id":6276,"href":"https:\/\/tapisrideauxcamions.fr\/ro\/wp-json\/wp\/v2\/pages\/5518\/revisions\/6276"}],"wp:attachment":[{"href":"https:\/\/tapisrideauxcamions.fr\/ro\/wp-json\/wp\/v2\/media?parent=5518"}],"curies":[{"name":"wp","href":"https:\/\/api.w.org\/{rel}","templated":true}]}}