{"id":5417,"date":"2026-01-28T13:09:45","date_gmt":"2026-01-28T13:09:45","guid":{"rendered":"http:\/\/tapisrideauxcamion2.local\/?page_id=5417"},"modified":"2026-03-12T11:36:29","modified_gmt":"2026-03-12T11:36:29","slug":"contact","status":"publish","type":"page","link":"https:\/\/tapisrideauxcamions.fr\/ro\/contact\/","title":{"rendered":"Contact"},"content":{"rendered":"\t\t<div data-elementor-type=\"wp-page\" data-elementor-id=\"5417\" class=\"elementor elementor-5417\">\n\t\t\t\t<div class=\"elementor-element elementor-element-1abacb4d e-flex e-con-boxed e-con e-parent\" data-id=\"1abacb4d\" data-element_type=\"container\" data-e-type=\"container\">\n\t\t\t\t\t<div class=\"e-con-inner\">\n\t\t\t\t<div class=\"elementor-element elementor-element-a7efe50 elementor-widget elementor-widget-text-editor\" data-id=\"a7efe50\" data-element_type=\"widget\" data-e-type=\"widget\" data-widget_type=\"text-editor.default\">\n\t\t\t\t\t\t\t\t\t\t\t\t\t\t\t\t\t<\/div>\n\t\t\t\t\t<\/div>\n\t\t\t\t<\/div>\n\t\t<div class=\"elementor-element elementor-element-49b3a4c e-grid e-con-boxed e-con e-parent\" data-id=\"49b3a4c\" data-element_type=\"container\" data-e-type=\"container\">\n\t\t\t\t\t<div class=\"e-con-inner\">\n\t\t<div class=\"elementor-element elementor-element-a4a55e2 e-grid e-con-full e-con e-child\" data-id=\"a4a55e2\" data-element_type=\"container\" data-e-type=\"container\">\n\t\t\t\t<div class=\"elementor-element elementor-element-7e4e07b elementor-widget elementor-widget-heading\" data-id=\"7e4e07b\" data-element_type=\"widget\" data-e-type=\"widget\" data-widget_type=\"heading.default\">\n\t\t\t\t\t<h2 class=\"elementor-heading-title elementor-size-default\">Laissez-nous un message<\/h2>\t\t\t\t<\/div>\n\t\t\t\t<div class=\"elementor-element elementor-element-df69d78 elementor-widget elementor-widget-text-editor\" data-id=\"df69d78\" data-element_type=\"widget\" data-e-type=\"widget\" data-widget_type=\"text-editor.default\">\n\t\t\t\t\t\t\t\t\t<p data-start=\"260\" data-end=\"513\">Vous avez une question concernant nos produits ou besoin d\u2019aide pour choisir la solution adapt\u00e9e \u00e0 votre camion ?<br data-start=\"373\" data-end=\"376\" \/>Remplissez le formulaire ci-dessous ou contactez-nous directement sur WhatsApp, et notre \u00e9quipe vous r\u00e9pondra dans les plus brefs d\u00e9lais.<\/p>\n<p data-start=\"515\" data-end=\"581\">Les messages envoy\u00e9s le dimanche seront trait\u00e9s \u00e0 partir du lundi.<\/p>\t\t\t\t\t\t\t\t<\/div>\n\t\t\t\t<div class=\"elementor-element elementor-element-fef0d67 elementor-widget elementor-widget-wpforms\" data-id=\"fef0d67\" data-element_type=\"widget\" data-e-type=\"widget\" data-widget_type=\"wpforms.default\">\n\t\t\t\t<div class=\"elementor-widget-container\">\n\t\t\t\t\t<div class=\"wpforms-container wpforms-container-full wpforms-block wpforms-block-3070a8f2-1ba1-4e28-b4fa-ca07ca946cee wpforms-render-modern\" id=\"wpforms-5222\"><form id=\"wpforms-form-5222\" class=\"wpforms-validate wpforms-form wpforms-ajax-form\" data-formid=\"5222\" method=\"post\" enctype=\"multipart\/form-data\" action=\"\/ro\/wp-json\/wp\/v2\/pages\/5417\" data-token=\"7f640804df605cdc89450ce84f2fabcf\" data-token-time=\"1777426594\"><noscript class=\"wpforms-error-noscript\">Please enable JavaScript in your browser to complete this form.<\/noscript><div id=\"wpforms-error-noscript\" style=\"display: none;\">Please enable JavaScript in your browser to complete this form.<\/div><div class=\"wpforms-field-container\"><div id=\"wpforms-5222-field_0-container\" class=\"wpforms-field wpforms-field-name\" data-field-id=\"0\"><fieldset><legend class=\"wpforms-field-label\">Nom <span class=\"wpforms-required-label\" aria-hidden=\"true\">*<\/span><\/legend><div class=\"wpforms-field-row wpforms-field-large\"><div class=\"wpforms-field-row-block wpforms-first wpforms-one-half\"><input type=\"text\" id=\"wpforms-5222-field_0\" class=\"wpforms-field-name-first wpforms-field-required\" name=\"wpforms[fields][0][first]\" placeholder=\"Pr\u00e9nom\" aria-errormessage=\"wpforms-5222-field_0-error\" required><label for=\"wpforms-5222-field_0\" class=\"wpforms-field-sublabel after wpforms-sublabel-hide\">First<\/label><\/div><div class=\"wpforms-field-row-block wpforms-one-half\"><input type=\"text\" id=\"wpforms-5222-field_0-last\" class=\"wpforms-field-name-last wpforms-field-required\" name=\"wpforms[fields][0][last]\" placeholder=\"Nom de famille\" aria-errormessage=\"wpforms-5222-field_0-last-error\" required><label for=\"wpforms-5222-field_0-last\" class=\"wpforms-field-sublabel after wpforms-sublabel-hide\">Last<\/label><\/div><\/div><\/fieldset><\/div><div id=\"wpforms-5222-field_1-container\" class=\"wpforms-field wpforms-field-email\" data-field-id=\"1\"><label class=\"wpforms-field-label\" for=\"wpforms-5222-field_1\">Email <span class=\"wpforms-required-label\" aria-hidden=\"true\">*<\/span><\/label><input type=\"email\" id=\"wpforms-5222-field_1\" class=\"wpforms-field-large wpforms-field-required\" name=\"wpforms[fields][1]\" placeholder=\"Saisissez votre adresse e-mail\" spellcheck=\"false\" aria-errormessage=\"wpforms-5222-field_1-error\" required><\/div><div id=\"wpforms-5222-field_2-container\" class=\"wpforms-field wpforms-field-textarea\" data-field-id=\"2\"><label class=\"wpforms-field-label\" for=\"wpforms-5222-field_2\">Message <span class=\"wpforms-required-label\" aria-hidden=\"true\">*<\/span><\/label><textarea id=\"wpforms-5222-field_2\" class=\"wpforms-field-large wpforms-field-required\" name=\"wpforms[fields][2]\" aria-errormessage=\"wpforms-5222-field_2-error\" required><\/textarea><\/div><\/div><!-- .wpforms-field-container --><div class=\"wpforms-field wpforms-field-hp\"><label for=\"wpforms-5222-field-hp\" class=\"wpforms-field-label\">Message<\/label><input type=\"text\" name=\"wpforms[hp]\" id=\"wpforms-5222-field-hp\" class=\"wpforms-field-medium\"><\/div><div class=\"wpforms-submit-container\" ><input type=\"hidden\" name=\"wpforms[id]\" value=\"5222\"><input type=\"hidden\" name=\"page_title\" value=\"\"><input type=\"hidden\" name=\"page_url\" value=\"https:\/\/tapisrideauxcamions.fr\/ro\/wp-json\/wp\/v2\/pages\/5417\"><input type=\"hidden\" name=\"url_referer\" value=\"\"><button type=\"submit\" name=\"wpforms[submit]\" id=\"wpforms-submit-5222\" class=\"wpforms-submit\" data-alt-text=\"Envoi...\" data-submit-text=\"Envoyer\" aria-live=\"assertive\" value=\"wpforms-submit\">Envoyer<\/button><img decoding=\"async\" src=\"https:\/\/tapisrideauxcamions.fr\/wp-content\/plugins\/wpforms-lite\/assets\/images\/submit-spin.svg\" class=\"wpforms-submit-spinner\" style=\"display: none;\" width=\"26\" height=\"26\" alt=\"Loading\"><\/div><\/form><\/div>  <!-- .wpforms-container -->\t\t\t\t<\/div>\n\t\t\t\t<\/div>\n\t\t\t\t<\/div>\n\t\t<div class=\"elementor-element elementor-element-4ff67ab e-grid e-con-full e-con e-child\" data-id=\"4ff67ab\" data-element_type=\"container\" data-e-type=\"container\">\n\t\t\t\t<div class=\"elementor-element elementor-element-91c8bd6 elementor-widget elementor-widget-google_maps\" data-id=\"91c8bd6\" data-element_type=\"widget\" data-e-type=\"widget\" data-widget_type=\"google_maps.default\">\n\t\t\t\t\t\t\t<div class=\"elementor-custom-embed\">\n\t\t\t<iframe loading=\"lazy\"\n\t\t\t\t\tsrc=\"https:\/\/maps.google.com\/maps?q=Rue%20des%20vignes%2091310%20Leuville-sur-Orge&#038;t=m&#038;z=10&#038;output=embed&#038;iwloc=near\"\n\t\t\t\t\ttitle=\"Rue des vignes 91310 Leuville-sur-Orge\"\n\t\t\t\t\taria-label=\"Rue des vignes 91310 Leuville-sur-Orge\"\n\t\t\t><\/iframe>\n\t\t<\/div>\n\t\t\t\t\t\t<\/div>\n\t\t<div class=\"elementor-element elementor-element-391e9ed e-grid e-con-full e-con e-child\" data-id=\"391e9ed\" data-element_type=\"container\" data-e-type=\"container\">\n\t\t\t\t<div class=\"elementor-element elementor-element-684087c elementor-widget elementor-widget-heading\" data-id=\"684087c\" data-element_type=\"widget\" data-e-type=\"widget\" data-widget_type=\"heading.default\">\n\t\t\t\t\t<h2 class=\"elementor-heading-title elementor-size-default\">Notre adresse<\/h2>\t\t\t\t<\/div>\n\t\t\t\t<div class=\"elementor-element elementor-element-e8a35ca elementor-widget elementor-widget-text-editor\" data-id=\"e8a35ca\" data-element_type=\"widget\" data-e-type=\"widget\" data-widget_type=\"text-editor.default\">\n\t\t\t\t\t\t\t\t\t<div data-id=\"e18ca40\" data-element_type=\"widget\" data-widget_type=\"heading.default\">\n<p>91310 Leuville-sur-Orge <br \/>Rue des vignes, FR<br \/>Contact: <strong>+33749778792<\/strong><br \/>Email:\u00a0<strong><a href=\"mailto:contact@tapisrideauxcamions.fr\">contact@tapisrideauxcamions.fr<\/a><\/strong><\/p>\n<h3 data-start=\"776\" data-end=\"804\"><strong data-start=\"780\" data-end=\"804\">Horaires d\u2019ouverture<\/strong><\/h3>\n<p data-start=\"805\" data-end=\"839\"><strong data-start=\"805\" data-end=\"839\">Lundi \u2013 Samedi : 08h00 \u2013 20h00<\/strong><\/p>\n<\/div>\n<div data-id=\"f0ff516\" data-element_type=\"widget\" data-widget_type=\"text-editor.default\">\u00a0<\/div>\t\t\t\t\t\t\t\t<\/div>\n\t\t\t\t<\/div>\n\t\t\t\t<\/div>\n\t\t\t\t\t<\/div>\n\t\t\t\t<\/div>\n\t\t\t\t<\/div>\n\t\t","protected":false},"excerpt":{"rendered":"<p>Laissez-nous un message Vous avez une question concernant nos produits ou besoin d\u2019aide pour choisir la solution adapt\u00e9e \u00e0 votre camion ?Remplissez le formulaire ci-dessous ou contactez-nous directement sur WhatsApp,<\/p>","protected":false},"author":1,"featured_media":0,"parent":0,"menu_order":0,"comment_status":"closed","ping_status":"closed","template":"","meta":{"footnotes":""},"class_list":["post-5417","page","type-page","status-publish","hentry"],"_links":{"self":[{"href":"https:\/\/tapisrideauxcamions.fr\/ro\/wp-json\/wp\/v2\/pages\/5417","targetHints":{"allow":["GET"]}}],"collection":[{"href":"https:\/\/tapisrideauxcamions.fr\/ro\/wp-json\/wp\/v2\/pages"}],"about":[{"href":"https:\/\/tapisrideauxcamions.fr\/ro\/wp-json\/wp\/v2\/types\/page"}],"author":[{"embeddable":true,"href":"https:\/\/tapisrideauxcamions.fr\/ro\/wp-json\/wp\/v2\/users\/1"}],"replies":[{"embeddable":true,"href":"https:\/\/tapisrideauxcamions.fr\/ro\/wp-json\/wp\/v2\/comments?post=5417"}],"version-history":[{"count":5,"href":"https:\/\/tapisrideauxcamions.fr\/ro\/wp-json\/wp\/v2\/pages\/5417\/revisions"}],"predecessor-version":[{"id":6977,"href":"https:\/\/tapisrideauxcamions.fr\/ro\/wp-json\/wp\/v2\/pages\/5417\/revisions\/6977"}],"wp:attachment":[{"href":"https:\/\/tapisrideauxcamions.fr\/ro\/wp-json\/wp\/v2\/media?parent=5417"}],"curies":[{"name":"wp","href":"https:\/\/api.w.org\/{rel}","templated":true}]}}